{"id":2713,"date":"2023-01-16T14:52:19","date_gmt":"2023-01-16T14:52:19","guid":{"rendered":"https:\/\/www.hotelclipper.it\/fruehstueck\/"},"modified":"2023-04-18T13:03:16","modified_gmt":"2023-04-18T13:03:16","slug":"fruehstueck","status":"publish","type":"page","link":"https:\/\/www.hotelclipper.it\/de\/fruehstueck\/","title":{"rendered":"Fr\u00fchst\u00fcck"},"content":{"rendered":"\t\t<div data-elementor-type=\"wp-page\" data-elementor-id=\"2713\" class=\"elementor elementor-2713 elementor-1071\" data-elementor-post-type=\"page\">\n\t\t\t\t\t\t<section class=\"elementor-section elementor-top-section elementor-element elementor-element-16d8fd5 elementor-section-full_width elementor-section-height-default elementor-section-height-default\" data-id=\"16d8fd5\" data-element_type=\"section\" data-e-type=\"section\" data-settings=\"{&quot;background_background&quot;:&quot;classic&quot;}\">\n\t\t\t\t\t\t\t<div class=\"elementor-background-overlay\"><\/div>\n\t\t\t\t\t\t\t<div class=\"elementor-container elementor-column-gap-default\">\n\t\t\t\t\t<div class=\"elementor-column elementor-col-100 elementor-top-column elementor-element elementor-element-c33a389\" data-id=\"c33a389\" data-element_type=\"column\" data-e-type=\"column\" data-settings=\"{&quot;background_background&quot;:&quot;classic&quot;}\">\n\t\t\t<div class=\"elementor-widget-wrap\">\n\t\t\t\t\t\t\t<\/div>\n\t\t<\/div>\n\t\t\t\t\t<\/div>\n\t\t<\/section>\n\t\t\t\t<section class=\"elementor-section elementor-top-section elementor-element elementor-element-8ee8c90 elementor-section-boxed elementor-section-height-default elementor-section-height-default\" data-id=\"8ee8c90\" data-element_type=\"section\" data-e-type=\"section\">\n\t\t\t\t\t\t<div class=\"elementor-container elementor-column-gap-default\">\n\t\t\t\t\t<div class=\"elementor-column elementor-col-100 elementor-top-column elementor-element elementor-element-067f8bc\" data-id=\"067f8bc\" data-element_type=\"column\" data-e-type=\"column\">\n\t\t\t<div class=\"elementor-widget-wrap elementor-element-populated\">\n\t\t\t\t\t\t<div class=\"elementor-element elementor-element-7071ebf elementor-widget elementor-widget-heading\" data-id=\"7071ebf\" data-element_type=\"widget\" data-e-type=\"widget\" data-widget_type=\"heading.default\">\n\t\t\t\t<div class=\"elementor-widget-container\">\n\t\t\t\t\t<h1 class=\"elementor-heading-title elementor-size-default\">Unser 'Fr\u00fchst\u00fcckserlebnis<\/h1>\t\t\t\t<\/div>\n\t\t\t\t<\/div>\n\t\t\t\t<div class=\"elementor-element elementor-element-1273fec elementor-widget elementor-widget-heading\" data-id=\"1273fec\" data-element_type=\"widget\" data-e-type=\"widget\" data-widget_type=\"heading.default\">\n\t\t\t\t<div class=\"elementor-widget-container\">\n\t\t\t\t\t<h2 class=\"elementor-heading-title elementor-size-default\">warum das Fr\u00fchst\u00fcck im Hotel Clipper ein Erlebnis ist, das sich zu probieren lohnt!<\/h2>\t\t\t\t<\/div>\n\t\t\t\t<\/div>\n\t\t\t\t<section class=\"elementor-section elementor-inner-section elementor-element elementor-element-4f499c5 elementor-section-boxed elementor-section-height-default elementor-section-height-default\" data-id=\"4f499c5\" data-element_type=\"section\" data-e-type=\"section\">\n\t\t\t\t\t\t<div class=\"elementor-container elementor-column-gap-default\">\n\t\t\t\t\t<div class=\"elementor-column elementor-col-100 elementor-inner-column elementor-element elementor-element-c3eba53\" data-id=\"c3eba53\" data-element_type=\"column\" data-e-type=\"column\">\n\t\t\t<div class=\"elementor-widget-wrap elementor-element-populated\">\n\t\t\t\t\t\t<div class=\"elementor-element elementor-element-21b3db5 elementor-widget elementor-widget-text-editor\" data-id=\"21b3db5\" data-element_type=\"widget\" data-e-type=\"widget\" data-widget_type=\"text-editor.default\">\n\t\t\t\t<div class=\"elementor-widget-container\">\n\t\t\t\t\t\t\t\t\t<p><strong>Das Fr\u00fchst\u00fcck ist unser Highlight und ended um 11.15 Uhr!<\/strong> <\/p>\n<p>Der Morgen ist eine besondere Zeit, und wir verw\u00f6hnen Sie schon beim Aufwachen mit dem Duft von frisch gebackenem Brot, Focaccia, Keksen und vielen anderen s\u00fc\u00dfen und herzhaften Leckereien, die von unserem &#8218;Konditor&#8216; zubereitet werden.<\/p>\n<p>F\u00fcr diejenigen, die sich auf eine kulinarische Reise durch unsere Region begeben m\u00f6chten, werden viele <strong>Null-Kilometer-Produkte<\/strong> und typische Produkte der <span style=\"text-decoration: underline;\">Marken<\/span> angeboten.<\/p>\n<p>F\u00fcr alle, die gerne ausschlafen und langsam aufstehen, backen wir bis in die fr\u00fchen Morgenstunden.<\/p>\n<p>Es ist ein Fr\u00fchst\u00fcck, das die Augen, das Herz und vor allem den Gaumen der Urlauber verf\u00fchren kann. Wir glauben, dass ein optimaler Start in den Tag die Grundlage f\u00fcr einen sch\u00f6nen <a href=\"https:\/\/www.hotelclipper.it\/de\/pesaro-und-umgebung\/\">Urlaub in den Marken ist<\/a>.<\/p>\n<p>Auf unserer schattigen Veranda k\u00f6nnen Sie sich mit Blick auf das Meer entspannen und einen Cappuccino oder Espresso trinken, der direkt an unserer Bar zubereitet wird. <\/p>\n<p>F\u00fcr diejenigen, die auf ihre Figur achten, gibt es auch eine Reihe von Produkten.<\/p>\n<p>Auf Anfrage sind auch glutenfreie Produkte erh\u00e4ltlich, ebenso wie Produkte f\u00fcr andere Nahrungsmittelunvertr\u00e4glichkeiten.<\/p>\n\t\t\t\t\t\t\t\t<\/div>\n\t\t\t\t<\/div>\n\t\t\t\t\t<\/div>\n\t\t<\/div>\n\t\t\t\t\t<\/div>\n\t\t<\/section>\n\t\t\t\t\t<\/div>\n\t\t<\/div>\n\t\t\t\t\t<\/div>\n\t\t<\/section>\n\t\t\t\t<section class=\"elementor-section elementor-top-section elementor-element elementor-element-3d5b11a elementor-section-boxed elementor-section-height-default elementor-section-height-default\" data-id=\"3d5b11a\" data-element_type=\"section\" data-e-type=\"section\">\n\t\t\t\t\t\t<div class=\"elementor-container elementor-column-gap-default\">\n\t\t\t\t\t<div class=\"elementor-column elementor-col-100 elementor-top-column elementor-element elementor-element-1aabe6f\" data-id=\"1aabe6f\" data-element_type=\"column\" data-e-type=\"column\">\n\t\t\t<div class=\"elementor-widget-wrap\">\n\t\t\t\t\t\t\t<\/div>\n\t\t<\/div>\n\t\t\t\t\t<\/div>\n\t\t<\/section>\n\t\t\t\t<section class=\"elementor-section elementor-top-section elementor-element elementor-element-4b11b4e elementor-section-full_width elementor-section-height-default elementor-section-height-default\" data-id=\"4b11b4e\" data-element_type=\"section\" data-e-type=\"section\" data-settings=\"{&quot;background_background&quot;:&quot;slideshow&quot;,&quot;background_slideshow_gallery&quot;:[{&quot;id&quot;:3139,&quot;url&quot;:&quot;https:\\\/\\\/www.hotelclipper.it\\\/wp-content\\\/uploads\\\/2023\\\/04\\\/breakfast-hotel-clipper.jpg&quot;}],&quot;background_slideshow_slide_duration&quot;:5000,&quot;background_slideshow_slide_transition&quot;:&quot;fade&quot;,&quot;background_slideshow_transition_duration&quot;:500}\">\n\t\t\t\t\t\t<div class=\"elementor-container elementor-column-gap-default\">\n\t\t\t\t\t<div class=\"elementor-column elementor-col-100 elementor-top-column elementor-element elementor-element-14d3cb9\" data-id=\"14d3cb9\" data-element_type=\"column\" data-e-type=\"column\" data-settings=\"{&quot;background_background&quot;:&quot;classic&quot;}\">\n\t\t\t<div class=\"elementor-widget-wrap elementor-element-populated\">\n\t\t\t\t\t\t<section class=\"elementor-section elementor-inner-section elementor-element elementor-element-6fa49e6 elementor-section-boxed elementor-section-height-default elementor-section-height-default\" data-id=\"6fa49e6\" data-element_type=\"section\" data-e-type=\"section\">\n\t\t\t\t\t\t<div class=\"elementor-container elementor-column-gap-default\">\n\t\t\t\t\t<div class=\"elementor-column elementor-col-100 elementor-inner-column elementor-element elementor-element-c027b57\" data-id=\"c027b57\" data-element_type=\"column\" data-e-type=\"column\" data-settings=\"{&quot;background_background&quot;:&quot;classic&quot;}\">\n\t\t\t<div class=\"elementor-widget-wrap elementor-element-populated\">\n\t\t\t\t\t\t<div class=\"elementor-element elementor-element-9aeca06 elementor-widget-divider--view-line elementor-widget elementor-widget-divider\" data-id=\"9aeca06\" data-element_type=\"widget\" data-e-type=\"widget\" data-widget_type=\"divider.default\">\n\t\t\t\t<div class=\"elementor-widget-container\">\n\t\t\t\t\t\t\t<div class=\"elementor-divider\">\n\t\t\t<span class=\"elementor-divider-separator\">\n\t\t\t\t\t\t<\/span>\n\t\t<\/div>\n\t\t\t\t\t\t<\/div>\n\t\t\t\t<\/div>\n\t\t\t\t<div class=\"elementor-element elementor-element-4d537a2 elementor-widget elementor-widget-heading\" data-id=\"4d537a2\" data-element_type=\"widget\" data-e-type=\"widget\" data-widget_type=\"heading.default\">\n\t\t\t\t<div class=\"elementor-widget-container\">\n\t\t\t\t\t<span class=\"elementor-heading-title elementor-size-default\">NIMM DIR ZEIT<\/span>\t\t\t\t<\/div>\n\t\t\t\t<\/div>\n\t\t\t\t<div class=\"elementor-element elementor-element-e32f226 elementor-widget elementor-widget-heading\" data-id=\"e32f226\" data-element_type=\"widget\" data-e-type=\"widget\" data-widget_type=\"heading.default\">\n\t\t\t\t<div class=\"elementor-widget-container\">\n\t\t\t\t\t<span class=\"elementor-heading-title elementor-size-default\">von 7.15 Uhr bis 11.15 Uhr<\/span>\t\t\t\t<\/div>\n\t\t\t\t<\/div>\n\t\t\t\t<div class=\"elementor-element elementor-element-fb2c6aa elementor-widget elementor-widget-text-editor\" data-id=\"fb2c6aa\" data-element_type=\"widget\" data-e-type=\"widget\" data-widget_type=\"text-editor.default\">\n\t\t\t\t<div class=\"elementor-widget-container\">\n\t\t\t\t\t\t\t\t\t<p>Im Hotel Clipper k\u00f6nnen Sie immer die ber\u00fchmten f\u00fcnf Minuten l\u00e4nger im Bett bleiben: denn das Fr\u00fchst\u00fcck ended erst um 11.15 Uhr! Bedienen Sie sich nach Lust und Laune und lassen Sie sich Zeit mit der wichtigsten Mahlzeit des Tages.<\/p>\n\t\t\t\t\t\t\t\t<\/div>\n\t\t\t\t<\/div>\n\t\t\t\t\t<\/div>\n\t\t<\/div>\n\t\t\t\t\t<\/div>\n\t\t<\/section>\n\t\t\t\t\t<\/div>\n\t\t<\/div>\n\t\t\t\t\t<\/div>\n\t\t<\/section>\n\t\t\t\t<section class=\"elementor-section elementor-top-section elementor-element elementor-element-cea1153 elementor-section-boxed elementor-section-height-default elementor-section-height-default\" data-id=\"cea1153\" data-element_type=\"section\" data-e-type=\"section\">\n\t\t\t\t\t\t<div class=\"elementor-container elementor-column-gap-default\">\n\t\t\t\t\t<div class=\"elementor-column elementor-col-100 elementor-top-column elementor-element elementor-element-3a75403\" data-id=\"3a75403\" data-element_type=\"column\" data-e-type=\"column\">\n\t\t\t<div class=\"elementor-widget-wrap elementor-element-populated\">\n\t\t\t\t\t\t<div class=\"elementor-element elementor-element-1b11aff elementor-widget elementor-widget-heading\" data-id=\"1b11aff\" data-element_type=\"widget\" data-e-type=\"widget\" data-widget_type=\"heading.default\">\n\t\t\t\t<div class=\"elementor-widget-container\">\n\t\t\t\t\t<span class=\"elementor-heading-title elementor-size-default\">Leichtes Mittagessen<\/span>\t\t\t\t<\/div>\n\t\t\t\t<\/div>\n\t\t\t\t<div class=\"elementor-element elementor-element-a5a3ef1 elementor-widget elementor-widget-heading\" data-id=\"a5a3ef1\" data-element_type=\"widget\" data-e-type=\"widget\" data-widget_type=\"heading.default\">\n\t\t\t\t<div class=\"elementor-widget-container\">\n\t\t\t\t\t<span class=\"elementor-heading-title elementor-size-default\">Lecker zum Genie\u00dfen, wo auch immer Sie wollen<\/span>\t\t\t\t<\/div>\n\t\t\t\t<\/div>\n\t\t\t\t<section class=\"elementor-section elementor-inner-section elementor-element elementor-element-5ad34bd elementor-section-boxed elementor-section-height-default elementor-section-height-default\" data-id=\"5ad34bd\" data-element_type=\"section\" data-e-type=\"section\">\n\t\t\t\t\t\t<div class=\"elementor-container elementor-column-gap-default\">\n\t\t\t\t\t<div class=\"elementor-column elementor-col-100 elementor-inner-column elementor-element elementor-element-ef5f157\" data-id=\"ef5f157\" data-element_type=\"column\" data-e-type=\"column\">\n\t\t\t<div class=\"elementor-widget-wrap elementor-element-populated\">\n\t\t\t\t\t\t<div class=\"elementor-element elementor-element-ec76dcb elementor-widget elementor-widget-text-editor\" data-id=\"ec76dcb\" data-element_type=\"widget\" data-e-type=\"widget\" data-widget_type=\"text-editor.default\">\n\t\t\t\t<div class=\"elementor-widget-container\">\n\t\t\t\t\t\t\t\t\t<p>Wer einmal in den Genuss eines frischen, leichten Mittagessens gekommen ist, das vielleicht unter einem Sonnenschirm am Strand serviert wird, kommt nie wieder zur\u00fcck.<\/p>\n<p>So entstand der Clipper&#8217;s &nbsp;<b>Light Lunch<\/b>: der Extra-Service f\u00fcr alle, die ihren Urlaub noch freier gestalten wollen.<\/p>\n<p>Sie k\u00f6nnen Ihr Mittagessen zum Mitnehmen aus einer <b>Auswahl an frischen, leichten Gerichten w\u00e4hlen<\/b>, die von unserem K\u00fcchenchef zubereitet werden. Dann genie\u00dfen Sie es, wo immer Sie wollen, am Strand oder auf einem Ausflug.<\/p>\n<p>Genie\u00dfen Sie die K\u00f6stlichkeiten, wo immer Sie wollen, in 3 einfachen Schritten:<\/p>\n<ol>\n<li><b>Bestellen Sie Ihr Lieblingsgericht aus unserer Speisekarte<\/b>&nbsp;<\/li>\n<li><b>Bestimmen Sie Ihre Box-Abholzeit<\/b><\/li>\n<li><b>Holen Sie Ihre Box ab und genie\u00dfen Sie Ihr Mittagessen&nbsp;<\/b>, wo immer Sie wollen (<b>wir bringen es Ihnen unter den Sonnenschirm)<\/b>.<\/li>\n<\/ol>\t\t\t\t\t\t\t\t<\/div>\n\t\t\t\t<\/div>\n\t\t\t\t\t<\/div>\n\t\t<\/div>\n\t\t\t\t\t<\/div>\n\t\t<\/section>\n\t\t\t\t\t<\/div>\n\t\t<\/div>\n\t\t\t\t\t<\/div>\n\t\t<\/section>\n\t\t\t\t<\/div>\n\t\t","protected":false},"excerpt":{"rendered":"<p>Unser &#8218;Fr\u00fchst\u00fcckserlebnis warum das Fr\u00fchst\u00fcck im Hotel Clipper ein Erlebnis ist, das sich zu probieren lohnt! Das Fr\u00fchst\u00fcck ist unser Highlight und ended um 11.15 Uhr! Der Morgen ist eine besondere Zeit, und wir verw\u00f6hnen Sie schon beim Aufwachen mit dem Duft von frisch gebackenem Brot, Focaccia, Keksen und vielen anderen s\u00fc\u00dfen und herzhaften Leckereien, [&hellip;]<\/p>\n","protected":false},"author":1,"featured_media":0,"parent":0,"menu_order":0,"comment_status":"closed","ping_status":"closed","template":"","meta":{"site-sidebar-layout":"no-sidebar","site-content-layout":"page-builder","ast-site-content-layout":"default","site-content-style":"default","site-sidebar-style":"default","ast-global-header-display":"","ast-banner-title-visibility":"","ast-main-header-display":"","ast-hfb-above-header-display":"","ast-hfb-below-header-display":"","ast-hfb-mobile-header-display":"","site-post-title":"disabled","ast-breadcrumbs-content":"","ast-featured-img":"disabled","footer-sml-layout":"","ast-disable-related-posts":"","theme-transparent-header-meta":"","adv-header-id-meta":"","stick-header-meta":"","header-above-stick-meta":"","header-main-stick-meta":"","header-below-stick-meta":"","astra-migrate-meta-layouts":"default","ast-page-background-enabled":"default","ast-page-background-meta":{"desktop":{"background-color":"var(--ast-global-color-4)","background-image":"","background-repeat":"repeat","background-position":"center center","background-size":"auto","background-attachment":"scroll","background-type":"","background-media":"","overlay-type":"","overlay-color":"","overlay-opacity":"","overlay-gradient":""},"tablet":{"background-color":"","background-image":"","background-repeat":"repeat","background-position":"center center","background-size":"auto","background-attachment":"scroll","background-type":"","background-media":"","overlay-type":"","overlay-color":"","overlay-opacity":"","overlay-gradient":""},"mobile":{"background-color":"","background-image":"","background-repeat":"repeat","background-position":"center center","background-size":"auto","background-attachment":"scroll","background-type":"","background-media":"","overlay-type":"","overlay-color":"","overlay-opacity":"","overlay-gradient":""}},"ast-content-background-meta":{"desktop":{"background-color":"var(--ast-global-color-5)","background-image":"","background-repeat":"repeat","background-position":"center center","background-size":"auto","background-attachment":"scroll","background-type":"","background-media":"","overlay-type":"","overlay-color":"","overlay-opacity":"","overlay-gradient":""},"tablet":{"background-color":"var(--ast-global-color-5)","background-image":"","background-repeat":"repeat","background-position":"center center","background-size":"auto","background-attachment":"scroll","background-type":"","background-media":"","overlay-type":"","overlay-color":"","overlay-opacity":"","overlay-gradient":""},"mobile":{"background-color":"var(--ast-global-color-5)","background-image":"","background-repeat":"repeat","background-position":"center center","background-size":"auto","background-attachment":"scroll","background-type":"","background-media":"","overlay-type":"","overlay-color":"","overlay-opacity":"","overlay-gradient":""}},"footnotes":""},"class_list":["post-2713","page","type-page","status-publish","hentry"],"yoast_head":"<!-- This site is optimized with the Yoast SEO plugin v27.3 - https:\/\/yoast.com\/product\/yoast-seo-wordpress\/ -->\n<title>Fr\u00fchst\u00fcckserlebnis Pesaro | Hotel Clipper Pesaro | Hotel 4 Sterne<\/title>\n<meta name=\"description\" content=\"Im Clipper Hotel in Pesaro ist das Fr\u00fchst\u00fcck die K\u00f6nigin Ihres Tages. Das erste und einzige Fr\u00fchst\u00fcckserlebnis in einem Hotel in Pesaro.\" \/>\n<meta name=\"robots\" content=\"index, follow, max-snippet:-1, max-image-preview:large, max-video-preview:-1\" \/>\n<link rel=\"canonical\" href=\"https:\/\/www.hotelclipper.it\/breakfast-experience-pesaro\/\" \/>\n<meta property=\"og:locale\" content=\"de_DE\" \/>\n<meta property=\"og:type\" content=\"article\" \/>\n<meta property=\"og:title\" content=\"Fr\u00fchst\u00fcckserlebnis Pesaro | Hotel Clipper Pesaro | Hotel 4 Sterne\" \/>\n<meta property=\"og:description\" content=\"Im Clipper Hotel in Pesaro ist das Fr\u00fchst\u00fcck die K\u00f6nigin Ihres Tages. Das erste und einzige Fr\u00fchst\u00fcckserlebnis in einem Hotel in Pesaro.\" \/>\n<meta property=\"og:url\" content=\"https:\/\/www.hotelclipper.it\/breakfast-experience-pesaro\/\" \/>\n<meta property=\"og:site_name\" content=\"Hotel Pesaro 4 Stelle B&amp;B Alberghi Pesaro Mare | Hotel Clipper\" \/>\n<meta property=\"article:modified_time\" content=\"2023-04-18T13:03:16+00:00\" \/>\n<meta name=\"twitter:card\" content=\"summary_large_image\" \/>\n<meta name=\"twitter:label1\" content=\"Gesch\u00e4tzte Lesezeit\" \/>\n\t<meta name=\"twitter:data1\" content=\"2\u00a0Minuten\" \/>\n<script type=\"application\/ld+json\" class=\"yoast-schema-graph\">{\"@context\":\"https:\\\/\\\/schema.org\",\"@graph\":[{\"@type\":\"WebPage\",\"@id\":\"https:\\\/\\\/www.hotelclipper.it\\\/breakfast-experience-pesaro\\\/\",\"url\":\"https:\\\/\\\/www.hotelclipper.it\\\/breakfast-experience-pesaro\\\/\",\"name\":\"Fr\u00fchst\u00fcckserlebnis Pesaro | Hotel Clipper Pesaro | Hotel 4 Sterne\",\"isPartOf\":{\"@id\":\"https:\\\/\\\/www.hotelclipper.it\\\/#website\"},\"datePublished\":\"2023-01-16T14:52:19+00:00\",\"dateModified\":\"2023-04-18T13:03:16+00:00\",\"description\":\"Im Clipper Hotel in Pesaro ist das Fr\u00fchst\u00fcck die K\u00f6nigin Ihres Tages. Das erste und einzige Fr\u00fchst\u00fcckserlebnis in einem Hotel in Pesaro.\",\"breadcrumb\":{\"@id\":\"https:\\\/\\\/www.hotelclipper.it\\\/breakfast-experience-pesaro\\\/#breadcrumb\"},\"inLanguage\":\"de\",\"potentialAction\":[{\"@type\":\"ReadAction\",\"target\":[\"https:\\\/\\\/www.hotelclipper.it\\\/breakfast-experience-pesaro\\\/\"]}]},{\"@type\":\"BreadcrumbList\",\"@id\":\"https:\\\/\\\/www.hotelclipper.it\\\/breakfast-experience-pesaro\\\/#breadcrumb\",\"itemListElement\":[{\"@type\":\"ListItem\",\"position\":1,\"name\":\"Home\",\"item\":\"https:\\\/\\\/www.hotelclipper.it\\\/de\\\/\"},{\"@type\":\"ListItem\",\"position\":2,\"name\":\"Fr\u00fchst\u00fcck\"}]},{\"@type\":\"WebSite\",\"@id\":\"https:\\\/\\\/www.hotelclipper.it\\\/#website\",\"url\":\"https:\\\/\\\/www.hotelclipper.it\\\/\",\"name\":\"Hotel Pesaro 4 Stelle B&amp;B Alberghi Pesaro Mare | Hotel Clipper\",\"description\":\"Scegli Hotel Clipper B&amp;B a Pesaro per le vacanze al mare in totale libert\u00e0. La spiaggia \u00e8 a soli 70 metri.\",\"publisher\":{\"@id\":\"https:\\\/\\\/www.hotelclipper.it\\\/#organization\"},\"potentialAction\":[{\"@type\":\"SearchAction\",\"target\":{\"@type\":\"EntryPoint\",\"urlTemplate\":\"https:\\\/\\\/www.hotelclipper.it\\\/?s={search_term_string}\"},\"query-input\":{\"@type\":\"PropertyValueSpecification\",\"valueRequired\":true,\"valueName\":\"search_term_string\"}}],\"inLanguage\":\"de\"},{\"@type\":\"Organization\",\"@id\":\"https:\\\/\\\/www.hotelclipper.it\\\/#organization\",\"name\":\"Hotel Pesaro 4 Stelle B&amp;B Alberghi Pesaro Mare | Hotel Clipper\",\"url\":\"https:\\\/\\\/www.hotelclipper.it\\\/\",\"logo\":{\"@type\":\"ImageObject\",\"inLanguage\":\"de\",\"@id\":\"https:\\\/\\\/www.hotelclipper.it\\\/#\\\/schema\\\/logo\\\/image\\\/\",\"url\":\"https:\\\/\\\/www.hotelclipper.it\\\/wp-content\\\/uploads\\\/2023\\\/01\\\/logo-hotel-clipper-colour.png\",\"contentUrl\":\"https:\\\/\\\/www.hotelclipper.it\\\/wp-content\\\/uploads\\\/2023\\\/01\\\/logo-hotel-clipper-colour.png\",\"width\":500,\"height\":257,\"caption\":\"Hotel Pesaro 4 Stelle B&amp;B Alberghi Pesaro Mare | Hotel Clipper\"},\"image\":{\"@id\":\"https:\\\/\\\/www.hotelclipper.it\\\/#\\\/schema\\\/logo\\\/image\\\/\"}}]}<\/script>\n<!-- \/ Yoast SEO plugin. -->","yoast_head_json":{"title":"Fr\u00fchst\u00fcckserlebnis Pesaro | Hotel Clipper Pesaro | Hotel 4 Sterne","description":"Im Clipper Hotel in Pesaro ist das Fr\u00fchst\u00fcck die K\u00f6nigin Ihres Tages. Das erste und einzige Fr\u00fchst\u00fcckserlebnis in einem Hotel in Pesaro.","robots":{"index":"index","follow":"follow","max-snippet":"max-snippet:-1","max-image-preview":"max-image-preview:large","max-video-preview":"max-video-preview:-1"},"canonical":"https:\/\/www.hotelclipper.it\/breakfast-experience-pesaro\/","og_locale":"de_DE","og_type":"article","og_title":"Fr\u00fchst\u00fcckserlebnis Pesaro | Hotel Clipper Pesaro | Hotel 4 Sterne","og_description":"Im Clipper Hotel in Pesaro ist das Fr\u00fchst\u00fcck die K\u00f6nigin Ihres Tages. Das erste und einzige Fr\u00fchst\u00fcckserlebnis in einem Hotel in Pesaro.","og_url":"https:\/\/www.hotelclipper.it\/breakfast-experience-pesaro\/","og_site_name":"Hotel Pesaro 4 Stelle B&amp;B Alberghi Pesaro Mare | Hotel Clipper","article_modified_time":"2023-04-18T13:03:16+00:00","twitter_card":"summary_large_image","twitter_misc":{"Gesch\u00e4tzte Lesezeit":"2\u00a0Minuten"},"schema":{"@context":"https:\/\/schema.org","@graph":[{"@type":"WebPage","@id":"https:\/\/www.hotelclipper.it\/breakfast-experience-pesaro\/","url":"https:\/\/www.hotelclipper.it\/breakfast-experience-pesaro\/","name":"Fr\u00fchst\u00fcckserlebnis Pesaro | Hotel Clipper Pesaro | Hotel 4 Sterne","isPartOf":{"@id":"https:\/\/www.hotelclipper.it\/#website"},"datePublished":"2023-01-16T14:52:19+00:00","dateModified":"2023-04-18T13:03:16+00:00","description":"Im Clipper Hotel in Pesaro ist das Fr\u00fchst\u00fcck die K\u00f6nigin Ihres Tages. Das erste und einzige Fr\u00fchst\u00fcckserlebnis in einem Hotel in Pesaro.","breadcrumb":{"@id":"https:\/\/www.hotelclipper.it\/breakfast-experience-pesaro\/#breadcrumb"},"inLanguage":"de","potentialAction":[{"@type":"ReadAction","target":["https:\/\/www.hotelclipper.it\/breakfast-experience-pesaro\/"]}]},{"@type":"BreadcrumbList","@id":"https:\/\/www.hotelclipper.it\/breakfast-experience-pesaro\/#breadcrumb","itemListElement":[{"@type":"ListItem","position":1,"name":"Home","item":"https:\/\/www.hotelclipper.it\/de\/"},{"@type":"ListItem","position":2,"name":"Fr\u00fchst\u00fcck"}]},{"@type":"WebSite","@id":"https:\/\/www.hotelclipper.it\/#website","url":"https:\/\/www.hotelclipper.it\/","name":"Hotel Pesaro 4 Stelle B&amp;B Alberghi Pesaro Mare | Hotel Clipper","description":"Scegli Hotel Clipper B&amp;B a Pesaro per le vacanze al mare in totale libert\u00e0. La spiaggia \u00e8 a soli 70 metri.","publisher":{"@id":"https:\/\/www.hotelclipper.it\/#organization"},"potentialAction":[{"@type":"SearchAction","target":{"@type":"EntryPoint","urlTemplate":"https:\/\/www.hotelclipper.it\/?s={search_term_string}"},"query-input":{"@type":"PropertyValueSpecification","valueRequired":true,"valueName":"search_term_string"}}],"inLanguage":"de"},{"@type":"Organization","@id":"https:\/\/www.hotelclipper.it\/#organization","name":"Hotel Pesaro 4 Stelle B&amp;B Alberghi Pesaro Mare | Hotel Clipper","url":"https:\/\/www.hotelclipper.it\/","logo":{"@type":"ImageObject","inLanguage":"de","@id":"https:\/\/www.hotelclipper.it\/#\/schema\/logo\/image\/","url":"https:\/\/www.hotelclipper.it\/wp-content\/uploads\/2023\/01\/logo-hotel-clipper-colour.png","contentUrl":"https:\/\/www.hotelclipper.it\/wp-content\/uploads\/2023\/01\/logo-hotel-clipper-colour.png","width":500,"height":257,"caption":"Hotel Pesaro 4 Stelle B&amp;B Alberghi Pesaro Mare | Hotel Clipper"},"image":{"@id":"https:\/\/www.hotelclipper.it\/#\/schema\/logo\/image\/"}}]}},"publishpress_future_workflow_manual_trigger":{"enabledWorkflows":[]},"_links":{"self":[{"href":"https:\/\/www.hotelclipper.it\/de\/wp-json\/wp\/v2\/pages\/2713","targetHints":{"allow":["GET"]}}],"collection":[{"href":"https:\/\/www.hotelclipper.it\/de\/wp-json\/wp\/v2\/pages"}],"about":[{"href":"https:\/\/www.hotelclipper.it\/de\/wp-json\/wp\/v2\/types\/page"}],"author":[{"embeddable":true,"href":"https:\/\/www.hotelclipper.it\/de\/wp-json\/wp\/v2\/users\/1"}],"replies":[{"embeddable":true,"href":"https:\/\/www.hotelclipper.it\/de\/wp-json\/wp\/v2\/comments?post=2713"}],"version-history":[{"count":8,"href":"https:\/\/www.hotelclipper.it\/de\/wp-json\/wp\/v2\/pages\/2713\/revisions"}],"predecessor-version":[{"id":3148,"href":"https:\/\/www.hotelclipper.it\/de\/wp-json\/wp\/v2\/pages\/2713\/revisions\/3148"}],"wp:attachment":[{"href":"https:\/\/www.hotelclipper.it\/de\/wp-json\/wp\/v2\/media?parent=2713"}],"curies":[{"name":"wp","href":"https:\/\/api.w.org\/{rel}","templated":true}]}}