{"id":2709,"date":"2023-01-16T14:52:19","date_gmt":"2023-01-16T14:52:19","guid":{"rendered":"https:\/\/www.hotelclipper.it\/petit-dejeuner\/"},"modified":"2023-04-18T13:03:16","modified_gmt":"2023-04-18T13:03:16","slug":"petit-dejeuner","status":"publish","type":"page","link":"https:\/\/www.hotelclipper.it\/fr\/petit-dejeuner\/","title":{"rendered":"petit-d\u00e9jeuner"},"content":{"rendered":"\t\t<div data-elementor-type=\"wp-page\" data-elementor-id=\"2709\" class=\"elementor elementor-2709 elementor-1071\" data-elementor-post-type=\"page\">\n\t\t\t\t\t\t<section class=\"elementor-section elementor-top-section elementor-element elementor-element-16d8fd5 elementor-section-full_width elementor-section-height-default elementor-section-height-default\" data-id=\"16d8fd5\" data-element_type=\"section\" data-e-type=\"section\" data-settings=\"{&quot;background_background&quot;:&quot;classic&quot;}\">\n\t\t\t\t\t\t\t<div class=\"elementor-background-overlay\"><\/div>\n\t\t\t\t\t\t\t<div class=\"elementor-container elementor-column-gap-default\">\n\t\t\t\t\t<div class=\"elementor-column elementor-col-100 elementor-top-column elementor-element elementor-element-c33a389\" data-id=\"c33a389\" data-element_type=\"column\" data-e-type=\"column\" data-settings=\"{&quot;background_background&quot;:&quot;classic&quot;}\">\n\t\t\t<div class=\"elementor-widget-wrap\">\n\t\t\t\t\t\t\t<\/div>\n\t\t<\/div>\n\t\t\t\t\t<\/div>\n\t\t<\/section>\n\t\t\t\t<section class=\"elementor-section elementor-top-section elementor-element elementor-element-8ee8c90 elementor-section-boxed elementor-section-height-default elementor-section-height-default\" data-id=\"8ee8c90\" data-element_type=\"section\" data-e-type=\"section\">\n\t\t\t\t\t\t<div class=\"elementor-container elementor-column-gap-default\">\n\t\t\t\t\t<div class=\"elementor-column elementor-col-100 elementor-top-column elementor-element elementor-element-067f8bc\" data-id=\"067f8bc\" data-element_type=\"column\" data-e-type=\"column\">\n\t\t\t<div class=\"elementor-widget-wrap elementor-element-populated\">\n\t\t\t\t\t\t<div class=\"elementor-element elementor-element-7071ebf elementor-widget elementor-widget-heading\" data-id=\"7071ebf\" data-element_type=\"widget\" data-e-type=\"widget\" data-widget_type=\"heading.default\">\n\t\t\t\t<div class=\"elementor-widget-container\">\n\t\t\t\t\t<h1 class=\"elementor-heading-title elementor-size-default\">Notre exp\u00e9rience du petit-d\u00e9jeuner<\/h1>\t\t\t\t<\/div>\n\t\t\t\t<\/div>\n\t\t\t\t<div class=\"elementor-element elementor-element-1273fec elementor-widget elementor-widget-heading\" data-id=\"1273fec\" data-element_type=\"widget\" data-e-type=\"widget\" data-widget_type=\"heading.default\">\n\t\t\t\t<div class=\"elementor-widget-container\">\n\t\t\t\t\t<h2 class=\"elementor-heading-title elementor-size-default\">pourquoi le petit-d\u00e9jeuner \u00e0 l'h\u00f4tel Clipper est une exp\u00e9rience qui vaut la peine d'\u00eatre tent\u00e9e!<\/h2>\t\t\t\t<\/div>\n\t\t\t\t<\/div>\n\t\t\t\t<section class=\"elementor-section elementor-inner-section elementor-element elementor-element-4f499c5 elementor-section-boxed elementor-section-height-default elementor-section-height-default\" data-id=\"4f499c5\" data-element_type=\"section\" data-e-type=\"section\">\n\t\t\t\t\t\t<div class=\"elementor-container elementor-column-gap-default\">\n\t\t\t\t\t<div class=\"elementor-column elementor-col-100 elementor-inner-column elementor-element elementor-element-c3eba53\" data-id=\"c3eba53\" data-element_type=\"column\" data-e-type=\"column\">\n\t\t\t<div class=\"elementor-widget-wrap elementor-element-populated\">\n\t\t\t\t\t\t<div class=\"elementor-element elementor-element-21b3db5 elementor-widget elementor-widget-text-editor\" data-id=\"21b3db5\" data-element_type=\"widget\" data-e-type=\"widget\" data-widget_type=\"text-editor.default\">\n\t\t\t\t<div class=\"elementor-widget-container\">\n\t\t\t\t\t\t\t\t\t<p><strong>Le petit-d\u00e9jeuner est notre point fort et dure jusqu&rsquo;\u00e0 11 h 15!<\/strong> <\/p>\n<p>Le matin est un moment sp\u00e9cial et nous aimons vous g\u00e2ter d\u00e8s votre r\u00e9veil avec l&rsquo;odeur du pain fra\u00eechement cuit, de la focaccia, des biscuits et de nombreuses autres douceurs sucr\u00e9es et sal\u00e9es pr\u00e9par\u00e9es par notre chef p\u00e2tissier.<\/p>\n<p>De nombreux <strong>produits \u00ab\u00a0z\u00e9ro kilom\u00e8tre\u00a0\u00bb<\/strong> et \u00ab\u00a0<span style=\"text-decoration: underline;\">signature Marche<\/span>\u00a0\u00bb seront disponibles pour ceux qui souhaitent faire un voyage culinaire dans notre r\u00e9gion.<\/p>\n<p>Pour ceux qui aiment faire la grasse matin\u00e9e et se lever tranquillement, nous cuisinons toutes les douceurs jusqu&rsquo;\u00e0 tard dans la matin\u00e9e.<\/p>\n<p>Il s&rsquo;agit d&rsquo;un petit-d\u00e9jeuner capable d&rsquo;enchanter et de s\u00e9duire les yeux, le c\u0153ur, mais surtout le palais de ceux qui sont en vacances. Nous pensons que commencer la journ\u00e9e de la meilleure fa\u00e7on possible est la base d&rsquo;un s\u00e9jour merveilleux dans la <a href=\"https:\/\/www.hotelclipper.it\/fr\/pesaro-et-ses-environs\/\">r\u00e9gion des Marches<\/a>.<\/p>\n<p>Dans notre v\u00e9randa ombrag\u00e9e, vous pouvez vous d\u00e9tendre en regardant la mer et en sirotant un cappuccino ou un caf\u00e9 expresso pr\u00e9par\u00e9 directement \u00e0 notre bar. <\/p>\n<p>Une gamme de produits est \u00e9galement disponible pour ceux qui font attention \u00e0 leur physique.<\/p>\n<p>Des produits sans gluten et des produits pour d&rsquo;autres intol\u00e9rances alimentaires sont \u00e9galement disponibles sur demande.<\/p>\n\t\t\t\t\t\t\t\t<\/div>\n\t\t\t\t<\/div>\n\t\t\t\t\t<\/div>\n\t\t<\/div>\n\t\t\t\t\t<\/div>\n\t\t<\/section>\n\t\t\t\t\t<\/div>\n\t\t<\/div>\n\t\t\t\t\t<\/div>\n\t\t<\/section>\n\t\t\t\t<section class=\"elementor-section elementor-top-section elementor-element elementor-element-3d5b11a elementor-section-boxed elementor-section-height-default elementor-section-height-default\" data-id=\"3d5b11a\" data-element_type=\"section\" data-e-type=\"section\">\n\t\t\t\t\t\t<div class=\"elementor-container elementor-column-gap-default\">\n\t\t\t\t\t<div class=\"elementor-column elementor-col-100 elementor-top-column elementor-element elementor-element-1aabe6f\" data-id=\"1aabe6f\" data-element_type=\"column\" data-e-type=\"column\">\n\t\t\t<div class=\"elementor-widget-wrap\">\n\t\t\t\t\t\t\t<\/div>\n\t\t<\/div>\n\t\t\t\t\t<\/div>\n\t\t<\/section>\n\t\t\t\t<section class=\"elementor-section elementor-top-section elementor-element elementor-element-4b11b4e elementor-section-full_width elementor-section-height-default elementor-section-height-default\" data-id=\"4b11b4e\" data-element_type=\"section\" data-e-type=\"section\" data-settings=\"{&quot;background_background&quot;:&quot;slideshow&quot;,&quot;background_slideshow_gallery&quot;:[{&quot;id&quot;:3139,&quot;url&quot;:&quot;https:\\\/\\\/www.hotelclipper.it\\\/wp-content\\\/uploads\\\/2023\\\/04\\\/breakfast-hotel-clipper.jpg&quot;}],&quot;background_slideshow_slide_duration&quot;:5000,&quot;background_slideshow_slide_transition&quot;:&quot;fade&quot;,&quot;background_slideshow_transition_duration&quot;:500}\">\n\t\t\t\t\t\t<div class=\"elementor-container elementor-column-gap-default\">\n\t\t\t\t\t<div class=\"elementor-column elementor-col-100 elementor-top-column elementor-element elementor-element-14d3cb9\" data-id=\"14d3cb9\" data-element_type=\"column\" data-e-type=\"column\" data-settings=\"{&quot;background_background&quot;:&quot;classic&quot;}\">\n\t\t\t<div class=\"elementor-widget-wrap elementor-element-populated\">\n\t\t\t\t\t\t<section class=\"elementor-section elementor-inner-section elementor-element elementor-element-6fa49e6 elementor-section-boxed elementor-section-height-default elementor-section-height-default\" data-id=\"6fa49e6\" data-element_type=\"section\" data-e-type=\"section\">\n\t\t\t\t\t\t<div class=\"elementor-container elementor-column-gap-default\">\n\t\t\t\t\t<div class=\"elementor-column elementor-col-100 elementor-inner-column elementor-element elementor-element-c027b57\" data-id=\"c027b57\" data-element_type=\"column\" data-e-type=\"column\" data-settings=\"{&quot;background_background&quot;:&quot;classic&quot;}\">\n\t\t\t<div class=\"elementor-widget-wrap elementor-element-populated\">\n\t\t\t\t\t\t<div class=\"elementor-element elementor-element-9aeca06 elementor-widget-divider--view-line elementor-widget elementor-widget-divider\" data-id=\"9aeca06\" data-element_type=\"widget\" data-e-type=\"widget\" data-widget_type=\"divider.default\">\n\t\t\t\t<div class=\"elementor-widget-container\">\n\t\t\t\t\t\t\t<div class=\"elementor-divider\">\n\t\t\t<span class=\"elementor-divider-separator\">\n\t\t\t\t\t\t<\/span>\n\t\t<\/div>\n\t\t\t\t\t\t<\/div>\n\t\t\t\t<\/div>\n\t\t\t\t<div class=\"elementor-element elementor-element-4d537a2 elementor-widget elementor-widget-heading\" data-id=\"4d537a2\" data-element_type=\"widget\" data-e-type=\"widget\" data-widget_type=\"heading.default\">\n\t\t\t\t<div class=\"elementor-widget-container\">\n\t\t\t\t\t<span class=\"elementor-heading-title elementor-size-default\">PRENEZ VOTRE TEMPS<\/span>\t\t\t\t<\/div>\n\t\t\t\t<\/div>\n\t\t\t\t<div class=\"elementor-element elementor-element-e32f226 elementor-widget elementor-widget-heading\" data-id=\"e32f226\" data-element_type=\"widget\" data-e-type=\"widget\" data-widget_type=\"heading.default\">\n\t\t\t\t<div class=\"elementor-widget-container\">\n\t\t\t\t\t<span class=\"elementor-heading-title elementor-size-default\">de 7h15 \u00e0 11h15<\/span>\t\t\t\t<\/div>\n\t\t\t\t<\/div>\n\t\t\t\t<div class=\"elementor-element elementor-element-fb2c6aa elementor-widget elementor-widget-text-editor\" data-id=\"fb2c6aa\" data-element_type=\"widget\" data-e-type=\"widget\" data-widget_type=\"text-editor.default\">\n\t\t\t\t<div class=\"elementor-widget-container\">\n\t\t\t\t\t\t\t\t\t<p>\u00c0 l&rsquo;h\u00f4tel Clipper, vous pouvez toujours rester au lit ces fameuses cinq minutes suppl\u00e9mentaires : le petit-d\u00e9jeuner dure en effet jusqu&rsquo;\u00e0 11 h 15 ! Composez votre assiette avec ce que vous voulez et prenez le temps de savourer le repas le plus important de la journ\u00e9e.<\/p>\n\t\t\t\t\t\t\t\t<\/div>\n\t\t\t\t<\/div>\n\t\t\t\t\t<\/div>\n\t\t<\/div>\n\t\t\t\t\t<\/div>\n\t\t<\/section>\n\t\t\t\t\t<\/div>\n\t\t<\/div>\n\t\t\t\t\t<\/div>\n\t\t<\/section>\n\t\t\t\t<section class=\"elementor-section elementor-top-section elementor-element elementor-element-cea1153 elementor-section-boxed elementor-section-height-default elementor-section-height-default\" data-id=\"cea1153\" data-element_type=\"section\" data-e-type=\"section\">\n\t\t\t\t\t\t<div class=\"elementor-container elementor-column-gap-default\">\n\t\t\t\t\t<div class=\"elementor-column elementor-col-100 elementor-top-column elementor-element elementor-element-3a75403\" data-id=\"3a75403\" data-element_type=\"column\" data-e-type=\"column\">\n\t\t\t<div class=\"elementor-widget-wrap elementor-element-populated\">\n\t\t\t\t\t\t<div class=\"elementor-element elementor-element-1b11aff elementor-widget elementor-widget-heading\" data-id=\"1b11aff\" data-element_type=\"widget\" data-e-type=\"widget\" data-widget_type=\"heading.default\">\n\t\t\t\t<div class=\"elementor-widget-container\">\n\t\t\t\t\t<span class=\"elementor-heading-title elementor-size-default\">D\u00e9jeuner l\u00e9ger<\/span>\t\t\t\t<\/div>\n\t\t\t\t<\/div>\n\t\t\t\t<div class=\"elementor-element elementor-element-a5a3ef1 elementor-widget elementor-widget-heading\" data-id=\"a5a3ef1\" data-element_type=\"widget\" data-e-type=\"widget\" data-widget_type=\"heading.default\">\n\t\t\t\t<div class=\"elementor-widget-container\">\n\t\t\t\t\t<span class=\"elementor-heading-title elementor-size-default\">des bonnes choses \u00e0 d\u00e9guster o\u00f9 vous voulez<\/span>\t\t\t\t<\/div>\n\t\t\t\t<\/div>\n\t\t\t\t<section class=\"elementor-section elementor-inner-section elementor-element elementor-element-5ad34bd elementor-section-boxed elementor-section-height-default elementor-section-height-default\" data-id=\"5ad34bd\" data-element_type=\"section\" data-e-type=\"section\">\n\t\t\t\t\t\t<div class=\"elementor-container elementor-column-gap-default\">\n\t\t\t\t\t<div class=\"elementor-column elementor-col-100 elementor-inner-column elementor-element elementor-element-ef5f157\" data-id=\"ef5f157\" data-element_type=\"column\" data-e-type=\"column\">\n\t\t\t<div class=\"elementor-widget-wrap elementor-element-populated\">\n\t\t\t\t\t\t<div class=\"elementor-element elementor-element-ec76dcb elementor-widget elementor-widget-text-editor\" data-id=\"ec76dcb\" data-element_type=\"widget\" data-e-type=\"widget\" data-widget_type=\"text-editor.default\">\n\t\t\t\t<div class=\"elementor-widget-container\">\n\t\t\t\t\t\t\t\t\t<p>Quiconque a go\u00fbt\u00e9 au plaisir d&rsquo;un d\u00e9jeuner l\u00e9ger et frais, servi \u00e9ventuellement sous un parasol, ne revient jamais en arri\u00e8re.<\/p>\n<p>C&rsquo;est ainsi qu&rsquo;est n\u00e9 le Clipper&rsquo;s &nbsp;<b>Light Lunch<\/b> : le service suppl\u00e9mentaire pour ceux qui veulent des vacances encore plus libres.<\/p>\n<p>Vous pouvez choisir votre d\u00e9jeuner \u00e0 emporter parmi une s\u00e9lection de <b>plats frais et l\u00e9gers<\/b> pr\u00e9par\u00e9s par notre chef. Vous le d\u00e9gustez ensuite o\u00f9 bon vous semble, \u00e0 la plage ou en voyage.<\/p>\n<p>Savourez les bonnes choses o\u00f9 vous voulez en 3 \u00e9tapes faciles:<\/p>\n<ol>\n<li><b>Commandez votre plat pr\u00e9f\u00e9r\u00e9 dans notre menu<\/b>&nbsp;<\/li>\n<li><b>Indiquez l&rsquo;heure de retrait de votre bo\u00eete<\/b><\/li>\n<li>Venez chercher votre bo\u00eete et <b>d\u00e9gustez votre d\u00e9jeuner o\u00f9 vous voulez&nbsp;<\/b> (<b>nous vous l&rsquo;apporterons sous le parasol<\/b>).<\/li>\n<\/ol>\t\t\t\t\t\t\t\t<\/div>\n\t\t\t\t<\/div>\n\t\t\t\t\t<\/div>\n\t\t<\/div>\n\t\t\t\t\t<\/div>\n\t\t<\/section>\n\t\t\t\t\t<\/div>\n\t\t<\/div>\n\t\t\t\t\t<\/div>\n\t\t<\/section>\n\t\t\t\t<\/div>\n\t\t","protected":false},"excerpt":{"rendered":"<p>Notre exp\u00e9rience du petit-d\u00e9jeuner pourquoi le petit-d\u00e9jeuner \u00e0 l&rsquo;h\u00f4tel Clipper est une exp\u00e9rience qui vaut la peine d&rsquo;\u00eatre tent\u00e9e! Le petit-d\u00e9jeuner est notre point fort et dure jusqu&rsquo;\u00e0 11 h 15! Le matin est un moment sp\u00e9cial et nous aimons vous g\u00e2ter d\u00e8s votre r\u00e9veil avec l&rsquo;odeur du pain fra\u00eechement cuit, de la focaccia, des [&hellip;]<\/p>\n","protected":false},"author":1,"featured_media":0,"parent":0,"menu_order":0,"comment_status":"closed","ping_status":"closed","template":"","meta":{"site-sidebar-layout":"no-sidebar","site-content-layout":"page-builder","ast-site-content-layout":"default","site-content-style":"default","site-sidebar-style":"default","ast-global-header-display":"","ast-banner-title-visibility":"","ast-main-header-display":"","ast-hfb-above-header-display":"","ast-hfb-below-header-display":"","ast-hfb-mobile-header-display":"","site-post-title":"disabled","ast-breadcrumbs-content":"","ast-featured-img":"disabled","footer-sml-layout":"","ast-disable-related-posts":"","theme-transparent-header-meta":"","adv-header-id-meta":"","stick-header-meta":"","header-above-stick-meta":"","header-main-stick-meta":"","header-below-stick-meta":"","astra-migrate-meta-layouts":"default","ast-page-background-enabled":"default","ast-page-background-meta":{"desktop":{"background-color":"var(--ast-global-color-4)","background-image":"","background-repeat":"repeat","background-position":"center center","background-size":"auto","background-attachment":"scroll","background-type":"","background-media":"","overlay-type":"","overlay-color":"","overlay-opacity":"","overlay-gradient":""},"tablet":{"background-color":"","background-image":"","background-repeat":"repeat","background-position":"center center","background-size":"auto","background-attachment":"scroll","background-type":"","background-media":"","overlay-type":"","overlay-color":"","overlay-opacity":"","overlay-gradient":""},"mobile":{"background-color":"","background-image":"","background-repeat":"repeat","background-position":"center center","background-size":"auto","background-attachment":"scroll","background-type":"","background-media":"","overlay-type":"","overlay-color":"","overlay-opacity":"","overlay-gradient":""}},"ast-content-background-meta":{"desktop":{"background-color":"var(--ast-global-color-5)","background-image":"","background-repeat":"repeat","background-position":"center center","background-size":"auto","background-attachment":"scroll","background-type":"","background-media":"","overlay-type":"","overlay-color":"","overlay-opacity":"","overlay-gradient":""},"tablet":{"background-color":"var(--ast-global-color-5)","background-image":"","background-repeat":"repeat","background-position":"center center","background-size":"auto","background-attachment":"scroll","background-type":"","background-media":"","overlay-type":"","overlay-color":"","overlay-opacity":"","overlay-gradient":""},"mobile":{"background-color":"var(--ast-global-color-5)","background-image":"","background-repeat":"repeat","background-position":"center center","background-size":"auto","background-attachment":"scroll","background-type":"","background-media":"","overlay-type":"","overlay-color":"","overlay-opacity":"","overlay-gradient":""}},"footnotes":""},"class_list":["post-2709","page","type-page","status-publish","hentry"],"yoast_head":"<!-- This site is optimized with the Yoast SEO plugin v27.3 - https:\/\/yoast.com\/product\/yoast-seo-wordpress\/ -->\n<title>Petit-d\u00e9jeuner \u00e0 l&#039;h\u00f4tel Pesaro | H\u00f4tel Clipper Pesaro | H\u00f4tel 4 \u00e9toiles<\/title>\n<meta name=\"description\" content=\"Au Clipper Hotel de Pesaro, le petit-d\u00e9jeuner est la reine de vos journ\u00e9es. La premi\u00e8re et unique exp\u00e9rience de petit-d\u00e9jeuner dans un h\u00f4tel \u00e0 Pesaro.\" \/>\n<meta name=\"robots\" content=\"index, follow, max-snippet:-1, max-image-preview:large, max-video-preview:-1\" \/>\n<link rel=\"canonical\" href=\"https:\/\/www.hotelclipper.it\/breakfast-experience-pesaro\/\" \/>\n<meta property=\"og:locale\" content=\"fr_FR\" \/>\n<meta property=\"og:type\" content=\"article\" \/>\n<meta property=\"og:title\" content=\"Petit-d\u00e9jeuner \u00e0 l&#039;h\u00f4tel Pesaro | H\u00f4tel Clipper Pesaro | H\u00f4tel 4 \u00e9toiles\" \/>\n<meta property=\"og:description\" content=\"Au Clipper Hotel de Pesaro, le petit-d\u00e9jeuner est la reine de vos journ\u00e9es. La premi\u00e8re et unique exp\u00e9rience de petit-d\u00e9jeuner dans un h\u00f4tel \u00e0 Pesaro.\" \/>\n<meta property=\"og:url\" content=\"https:\/\/www.hotelclipper.it\/breakfast-experience-pesaro\/\" \/>\n<meta property=\"og:site_name\" content=\"Hotel Pesaro 4 Stelle B&amp;B Alberghi Pesaro Mare | Hotel Clipper\" \/>\n<meta property=\"article:modified_time\" content=\"2023-04-18T13:03:16+00:00\" \/>\n<meta name=\"twitter:card\" content=\"summary_large_image\" \/>\n<meta name=\"twitter:label1\" content=\"Dur\u00e9e de lecture estim\u00e9e\" \/>\n\t<meta name=\"twitter:data1\" content=\"2 minutes\" \/>\n<script type=\"application\/ld+json\" class=\"yoast-schema-graph\">{\"@context\":\"https:\\\/\\\/schema.org\",\"@graph\":[{\"@type\":\"WebPage\",\"@id\":\"https:\\\/\\\/www.hotelclipper.it\\\/breakfast-experience-pesaro\\\/\",\"url\":\"https:\\\/\\\/www.hotelclipper.it\\\/breakfast-experience-pesaro\\\/\",\"name\":\"Petit-d\u00e9jeuner \u00e0 l'h\u00f4tel Pesaro | H\u00f4tel Clipper Pesaro | H\u00f4tel 4 \u00e9toiles\",\"isPartOf\":{\"@id\":\"https:\\\/\\\/www.hotelclipper.it\\\/#website\"},\"datePublished\":\"2023-01-16T14:52:19+00:00\",\"dateModified\":\"2023-04-18T13:03:16+00:00\",\"description\":\"Au Clipper Hotel de Pesaro, le petit-d\u00e9jeuner est la reine de vos journ\u00e9es. La premi\u00e8re et unique exp\u00e9rience de petit-d\u00e9jeuner dans un h\u00f4tel \u00e0 Pesaro.\",\"breadcrumb\":{\"@id\":\"https:\\\/\\\/www.hotelclipper.it\\\/breakfast-experience-pesaro\\\/#breadcrumb\"},\"inLanguage\":\"fr-FR\",\"potentialAction\":[{\"@type\":\"ReadAction\",\"target\":[\"https:\\\/\\\/www.hotelclipper.it\\\/breakfast-experience-pesaro\\\/\"]}]},{\"@type\":\"BreadcrumbList\",\"@id\":\"https:\\\/\\\/www.hotelclipper.it\\\/breakfast-experience-pesaro\\\/#breadcrumb\",\"itemListElement\":[{\"@type\":\"ListItem\",\"position\":1,\"name\":\"Home\",\"item\":\"https:\\\/\\\/www.hotelclipper.it\\\/de\\\/\"},{\"@type\":\"ListItem\",\"position\":2,\"name\":\"petit-d\u00e9jeuner\"}]},{\"@type\":\"WebSite\",\"@id\":\"https:\\\/\\\/www.hotelclipper.it\\\/#website\",\"url\":\"https:\\\/\\\/www.hotelclipper.it\\\/\",\"name\":\"Hotel Pesaro 4 Stelle B&amp;B Alberghi Pesaro Mare | Hotel Clipper\",\"description\":\"Scegli Hotel Clipper B&amp;B a Pesaro per le vacanze al mare in totale libert\u00e0. La spiaggia \u00e8 a soli 70 metri.\",\"publisher\":{\"@id\":\"https:\\\/\\\/www.hotelclipper.it\\\/#organization\"},\"potentialAction\":[{\"@type\":\"SearchAction\",\"target\":{\"@type\":\"EntryPoint\",\"urlTemplate\":\"https:\\\/\\\/www.hotelclipper.it\\\/?s={search_term_string}\"},\"query-input\":{\"@type\":\"PropertyValueSpecification\",\"valueRequired\":true,\"valueName\":\"search_term_string\"}}],\"inLanguage\":\"fr-FR\"},{\"@type\":\"Organization\",\"@id\":\"https:\\\/\\\/www.hotelclipper.it\\\/#organization\",\"name\":\"Hotel Pesaro 4 Stelle B&amp;B Alberghi Pesaro Mare | Hotel Clipper\",\"url\":\"https:\\\/\\\/www.hotelclipper.it\\\/\",\"logo\":{\"@type\":\"ImageObject\",\"inLanguage\":\"fr-FR\",\"@id\":\"https:\\\/\\\/www.hotelclipper.it\\\/#\\\/schema\\\/logo\\\/image\\\/\",\"url\":\"https:\\\/\\\/www.hotelclipper.it\\\/wp-content\\\/uploads\\\/2023\\\/01\\\/logo-hotel-clipper-colour.png\",\"contentUrl\":\"https:\\\/\\\/www.hotelclipper.it\\\/wp-content\\\/uploads\\\/2023\\\/01\\\/logo-hotel-clipper-colour.png\",\"width\":500,\"height\":257,\"caption\":\"Hotel Pesaro 4 Stelle B&amp;B Alberghi Pesaro Mare | Hotel Clipper\"},\"image\":{\"@id\":\"https:\\\/\\\/www.hotelclipper.it\\\/#\\\/schema\\\/logo\\\/image\\\/\"}}]}<\/script>\n<!-- \/ Yoast SEO plugin. -->","yoast_head_json":{"title":"Petit-d\u00e9jeuner \u00e0 l'h\u00f4tel Pesaro | H\u00f4tel Clipper Pesaro | H\u00f4tel 4 \u00e9toiles","description":"Au Clipper Hotel de Pesaro, le petit-d\u00e9jeuner est la reine de vos journ\u00e9es. La premi\u00e8re et unique exp\u00e9rience de petit-d\u00e9jeuner dans un h\u00f4tel \u00e0 Pesaro.","robots":{"index":"index","follow":"follow","max-snippet":"max-snippet:-1","max-image-preview":"max-image-preview:large","max-video-preview":"max-video-preview:-1"},"canonical":"https:\/\/www.hotelclipper.it\/breakfast-experience-pesaro\/","og_locale":"fr_FR","og_type":"article","og_title":"Petit-d\u00e9jeuner \u00e0 l'h\u00f4tel Pesaro | H\u00f4tel Clipper Pesaro | H\u00f4tel 4 \u00e9toiles","og_description":"Au Clipper Hotel de Pesaro, le petit-d\u00e9jeuner est la reine de vos journ\u00e9es. La premi\u00e8re et unique exp\u00e9rience de petit-d\u00e9jeuner dans un h\u00f4tel \u00e0 Pesaro.","og_url":"https:\/\/www.hotelclipper.it\/breakfast-experience-pesaro\/","og_site_name":"Hotel Pesaro 4 Stelle B&amp;B Alberghi Pesaro Mare | Hotel Clipper","article_modified_time":"2023-04-18T13:03:16+00:00","twitter_card":"summary_large_image","twitter_misc":{"Dur\u00e9e de lecture estim\u00e9e":"2 minutes"},"schema":{"@context":"https:\/\/schema.org","@graph":[{"@type":"WebPage","@id":"https:\/\/www.hotelclipper.it\/breakfast-experience-pesaro\/","url":"https:\/\/www.hotelclipper.it\/breakfast-experience-pesaro\/","name":"Petit-d\u00e9jeuner \u00e0 l'h\u00f4tel Pesaro | H\u00f4tel Clipper Pesaro | H\u00f4tel 4 \u00e9toiles","isPartOf":{"@id":"https:\/\/www.hotelclipper.it\/#website"},"datePublished":"2023-01-16T14:52:19+00:00","dateModified":"2023-04-18T13:03:16+00:00","description":"Au Clipper Hotel de Pesaro, le petit-d\u00e9jeuner est la reine de vos journ\u00e9es. La premi\u00e8re et unique exp\u00e9rience de petit-d\u00e9jeuner dans un h\u00f4tel \u00e0 Pesaro.","breadcrumb":{"@id":"https:\/\/www.hotelclipper.it\/breakfast-experience-pesaro\/#breadcrumb"},"inLanguage":"fr-FR","potentialAction":[{"@type":"ReadAction","target":["https:\/\/www.hotelclipper.it\/breakfast-experience-pesaro\/"]}]},{"@type":"BreadcrumbList","@id":"https:\/\/www.hotelclipper.it\/breakfast-experience-pesaro\/#breadcrumb","itemListElement":[{"@type":"ListItem","position":1,"name":"Home","item":"https:\/\/www.hotelclipper.it\/de\/"},{"@type":"ListItem","position":2,"name":"petit-d\u00e9jeuner"}]},{"@type":"WebSite","@id":"https:\/\/www.hotelclipper.it\/#website","url":"https:\/\/www.hotelclipper.it\/","name":"Hotel Pesaro 4 Stelle B&amp;B Alberghi Pesaro Mare | Hotel Clipper","description":"Scegli Hotel Clipper B&amp;B a Pesaro per le vacanze al mare in totale libert\u00e0. La spiaggia \u00e8 a soli 70 metri.","publisher":{"@id":"https:\/\/www.hotelclipper.it\/#organization"},"potentialAction":[{"@type":"SearchAction","target":{"@type":"EntryPoint","urlTemplate":"https:\/\/www.hotelclipper.it\/?s={search_term_string}"},"query-input":{"@type":"PropertyValueSpecification","valueRequired":true,"valueName":"search_term_string"}}],"inLanguage":"fr-FR"},{"@type":"Organization","@id":"https:\/\/www.hotelclipper.it\/#organization","name":"Hotel Pesaro 4 Stelle B&amp;B Alberghi Pesaro Mare | Hotel Clipper","url":"https:\/\/www.hotelclipper.it\/","logo":{"@type":"ImageObject","inLanguage":"fr-FR","@id":"https:\/\/www.hotelclipper.it\/#\/schema\/logo\/image\/","url":"https:\/\/www.hotelclipper.it\/wp-content\/uploads\/2023\/01\/logo-hotel-clipper-colour.png","contentUrl":"https:\/\/www.hotelclipper.it\/wp-content\/uploads\/2023\/01\/logo-hotel-clipper-colour.png","width":500,"height":257,"caption":"Hotel Pesaro 4 Stelle B&amp;B Alberghi Pesaro Mare | Hotel Clipper"},"image":{"@id":"https:\/\/www.hotelclipper.it\/#\/schema\/logo\/image\/"}}]}},"publishpress_future_workflow_manual_trigger":{"enabledWorkflows":[]},"_links":{"self":[{"href":"https:\/\/www.hotelclipper.it\/fr\/wp-json\/wp\/v2\/pages\/2709","targetHints":{"allow":["GET"]}}],"collection":[{"href":"https:\/\/www.hotelclipper.it\/fr\/wp-json\/wp\/v2\/pages"}],"about":[{"href":"https:\/\/www.hotelclipper.it\/fr\/wp-json\/wp\/v2\/types\/page"}],"author":[{"embeddable":true,"href":"https:\/\/www.hotelclipper.it\/fr\/wp-json\/wp\/v2\/users\/1"}],"replies":[{"embeddable":true,"href":"https:\/\/www.hotelclipper.it\/fr\/wp-json\/wp\/v2\/comments?post=2709"}],"version-history":[{"count":8,"href":"https:\/\/www.hotelclipper.it\/fr\/wp-json\/wp\/v2\/pages\/2709\/revisions"}],"predecessor-version":[{"id":3147,"href":"https:\/\/www.hotelclipper.it\/fr\/wp-json\/wp\/v2\/pages\/2709\/revisions\/3147"}],"wp:attachment":[{"href":"https:\/\/www.hotelclipper.it\/fr\/wp-json\/wp\/v2\/media?parent=2709"}],"curies":[{"name":"wp","href":"https:\/\/api.w.org\/{rel}","templated":true}]}}