{"id":2787,"date":"2023-02-14T08:59:55","date_gmt":"2023-02-14T08:59:55","guid":{"rendered":"https:\/\/www.hotelclipper.it\/reservation-assuree\/"},"modified":"2023-03-28T15:32:58","modified_gmt":"2023-03-28T15:32:58","slug":"reservation-assuree","status":"publish","type":"page","link":"https:\/\/www.hotelclipper.it\/fr\/reservation-assuree\/","title":{"rendered":"R\u00e9servation assur\u00e9e"},"content":{"rendered":"\t\t<div data-elementor-type=\"wp-page\" data-elementor-id=\"2787\" class=\"elementor elementor-2787 elementor-2137\" data-elementor-post-type=\"page\">\n\t\t\t\t\t\t<section class=\"elementor-section elementor-top-section elementor-element elementor-element-16d8fd5 elementor-section-full_width elementor-section-height-default elementor-section-height-default\" data-id=\"16d8fd5\" data-element_type=\"section\" data-e-type=\"section\" data-settings=\"{&quot;background_background&quot;:&quot;classic&quot;}\">\n\t\t\t\t\t\t\t<div class=\"elementor-background-overlay\"><\/div>\n\t\t\t\t\t\t\t<div class=\"elementor-container elementor-column-gap-default\">\n\t\t\t\t\t<div class=\"elementor-column elementor-col-100 elementor-top-column elementor-element elementor-element-c33a389\" data-id=\"c33a389\" data-element_type=\"column\" data-e-type=\"column\" data-settings=\"{&quot;background_background&quot;:&quot;classic&quot;}\">\n\t\t\t<div class=\"elementor-widget-wrap\">\n\t\t\t\t\t\t\t<\/div>\n\t\t<\/div>\n\t\t\t\t\t<\/div>\n\t\t<\/section>\n\t\t\t\t<section class=\"elementor-section elementor-top-section elementor-element elementor-element-8ee8c90 elementor-section-boxed elementor-section-height-default elementor-section-height-default\" data-id=\"8ee8c90\" data-element_type=\"section\" data-e-type=\"section\">\n\t\t\t\t\t\t<div class=\"elementor-container elementor-column-gap-default\">\n\t\t\t\t\t<div class=\"elementor-column elementor-col-100 elementor-top-column elementor-element elementor-element-067f8bc\" data-id=\"067f8bc\" data-element_type=\"column\" data-e-type=\"column\">\n\t\t\t<div class=\"elementor-widget-wrap elementor-element-populated\">\n\t\t\t\t\t\t<div class=\"elementor-element elementor-element-7071ebf elementor-widget elementor-widget-heading\" data-id=\"7071ebf\" data-element_type=\"widget\" data-e-type=\"widget\" data-widget_type=\"heading.default\">\n\t\t\t\t<div class=\"elementor-widget-container\">\n\t\t\t\t\t<h1 class=\"elementor-heading-title elementor-size-default\">R\u00e9servation assur\u00e9e<\/h1>\t\t\t\t<\/div>\n\t\t\t\t<\/div>\n\t\t\t\t<div class=\"elementor-element elementor-element-1273fec elementor-widget elementor-widget-heading\" data-id=\"1273fec\" data-element_type=\"widget\" data-e-type=\"widget\" data-widget_type=\"heading.default\">\n\t\t\t\t<div class=\"elementor-widget-container\">\n\t\t\t\t\t<h2 class=\"elementor-heading-title elementor-size-default\">Calculez le co\u00fbt de votre police maintenant<\/h2>\t\t\t\t<\/div>\n\t\t\t\t<\/div>\n\t\t\t\t<section class=\"elementor-section elementor-inner-section elementor-element elementor-element-4f499c5 elementor-section-boxed elementor-section-height-default elementor-section-height-default\" data-id=\"4f499c5\" data-element_type=\"section\" data-e-type=\"section\">\n\t\t\t\t\t\t<div class=\"elementor-container elementor-column-gap-default\">\n\t\t\t\t\t<div class=\"elementor-column elementor-col-100 elementor-inner-column elementor-element elementor-element-c3eba53\" data-id=\"c3eba53\" data-element_type=\"column\" data-e-type=\"column\">\n\t\t\t<div class=\"elementor-widget-wrap elementor-element-populated\">\n\t\t\t\t\t\t<div class=\"elementor-element elementor-element-21b3db5 elementor-widget elementor-widget-text-editor\" data-id=\"21b3db5\" data-element_type=\"widget\" data-e-type=\"widget\" data-widget_type=\"text-editor.default\">\n\t\t\t\t<div class=\"elementor-widget-container\">\n\t\t\t\t\t\t\t\t\t<p>R\u00e9servez vos vacances en toute s\u00e9r\u00e9nit\u00e9, car l&rsquo;argent que vous versez \u00e0 titre d&rsquo;acompte dans le cadre de la police <strong>R\u00c9SERVATION ASSUR\u00c9E<\/strong> est en s\u00e9curit\u00e9. Assurez vos arrhes et dormez tranquille. BOOKING INSURED vous rembourse la p\u00e9nalit\u00e9 appliqu\u00e9e \u00e0 l&rsquo;acompte maximum vers\u00e9 en cas d&rsquo;annulation de votre voyage.<br \/>Le montant maximum assur\u00e9 par sinistre est de 3 000 \u20ac et le montant maximum assur\u00e9 par personne est de 1 000 \u20ac. Consultez le site <a href=\"https:\/\/www.prenotazioneassicurata.it\/\">https:\/\/www.prenotazioneassicurata.it\/<\/a> pour conna\u00eetre tous les d\u00e9tails. <\/p>\n\t\t\t\t\t\t\t\t<\/div>\n\t\t\t\t<\/div>\n\t\t\t\t<div class=\"elementor-element elementor-element-f05b7af elementor-align-center elementor-widget elementor-widget-button\" data-id=\"f05b7af\" data-element_type=\"widget\" data-e-type=\"widget\" data-widget_type=\"button.default\">\n\t\t\t\t<div class=\"elementor-widget-container\">\n\t\t\t\t\t\t\t\t\t<div class=\"elementor-button-wrapper\">\n\t\t\t\t\t<a class=\"elementor-button elementor-button-link elementor-size-sm\" href=\"https:\/\/www.prenotazioneassicurata.it\/\">\n\t\t\t\t\t\t<span class=\"elementor-button-content-wrapper\">\n\t\t\t\t\t\t<span class=\"elementor-button-icon\">\n\t\t\t\t<i aria-hidden=\"true\" class=\"fas fa-arrow-right\"><\/i>\t\t\t<\/span>\n\t\t\t\t\t\t\t\t\t<span class=\"elementor-button-text\">r\u00e9servation assur\u00e9e<\/span>\n\t\t\t\t\t<\/span>\n\t\t\t\t\t<\/a>\n\t\t\t\t<\/div>\n\t\t\t\t\t\t\t\t<\/div>\n\t\t\t\t<\/div>\n\t\t\t\t\t<\/div>\n\t\t<\/div>\n\t\t\t\t\t<\/div>\n\t\t<\/section>\n\t\t\t\t\t<\/div>\n\t\t<\/div>\n\t\t\t\t\t<\/div>\n\t\t<\/section>\n\t\t\t\t<\/div>\n\t\t","protected":false},"excerpt":{"rendered":"<p>R\u00e9servation assur\u00e9e Calculez le co\u00fbt de votre police maintenant R\u00e9servez vos vacances en toute s\u00e9r\u00e9nit\u00e9, car l&rsquo;argent que vous versez \u00e0 titre d&rsquo;acompte dans le cadre de la police R\u00c9SERVATION ASSUR\u00c9E est en s\u00e9curit\u00e9. Assurez vos arrhes et dormez tranquille. BOOKING INSURED vous rembourse la p\u00e9nalit\u00e9 appliqu\u00e9e \u00e0 l&rsquo;acompte maximum vers\u00e9 en cas d&rsquo;annulation de [&hellip;]<\/p>\n","protected":false},"author":1,"featured_media":0,"parent":0,"menu_order":0,"comment_status":"closed","ping_status":"closed","template":"","meta":{"site-sidebar-layout":"no-sidebar","site-content-layout":"page-builder","ast-site-content-layout":"default","site-content-style":"default","site-sidebar-style":"default","ast-global-header-display":"","ast-banner-title-visibility":"","ast-main-header-display":"","ast-hfb-above-header-display":"","ast-hfb-below-header-display":"","ast-hfb-mobile-header-display":"","site-post-title":"disabled","ast-breadcrumbs-content":"","ast-featured-img":"disabled","footer-sml-layout":"","ast-disable-related-posts":"","theme-transparent-header-meta":"","adv-header-id-meta":"","stick-header-meta":"","header-above-stick-meta":"","header-main-stick-meta":"","header-below-stick-meta":"","astra-migrate-meta-layouts":"default","ast-page-background-enabled":"default","ast-page-background-meta":{"desktop":{"background-color":"var(--ast-global-color-4)","background-image":"","background-repeat":"repeat","background-position":"center center","background-size":"auto","background-attachment":"scroll","background-type":"","background-media":"","overlay-type":"","overlay-color":"","overlay-opacity":"","overlay-gradient":""},"tablet":{"background-color":"","background-image":"","background-repeat":"repeat","background-position":"center center","background-size":"auto","background-attachment":"scroll","background-type":"","background-media":"","overlay-type":"","overlay-color":"","overlay-opacity":"","overlay-gradient":""},"mobile":{"background-color":"","background-image":"","background-repeat":"repeat","background-position":"center center","background-size":"auto","background-attachment":"scroll","background-type":"","background-media":"","overlay-type":"","overlay-color":"","overlay-opacity":"","overlay-gradient":""}},"ast-content-background-meta":{"desktop":{"background-color":"var(--ast-global-color-5)","background-image":"","background-repeat":"repeat","background-position":"center center","background-size":"auto","background-attachment":"scroll","background-type":"","background-media":"","overlay-type":"","overlay-color":"","overlay-opacity":"","overlay-gradient":""},"tablet":{"background-color":"var(--ast-global-color-5)","background-image":"","background-repeat":"repeat","background-position":"center center","background-size":"auto","background-attachment":"scroll","background-type":"","background-media":"","overlay-type":"","overlay-color":"","overlay-opacity":"","overlay-gradient":""},"mobile":{"background-color":"var(--ast-global-color-5)","background-image":"","background-repeat":"repeat","background-position":"center center","background-size":"auto","background-attachment":"scroll","background-type":"","background-media":"","overlay-type":"","overlay-color":"","overlay-opacity":"","overlay-gradient":""}},"footnotes":""},"class_list":["post-2787","page","type-page","status-publish","hentry"],"yoast_head":"<!-- This site is optimized with the Yoast SEO plugin v27.3 - https:\/\/yoast.com\/product\/yoast-seo-wordpress\/ -->\n<title>Comment assurer les vacances | H\u00f4tel Clipper Pesaro | H\u00f4tel 4 \u00e9toiles<\/title>\n<meta name=\"description\" content=\"R\u00e9servez vos vacances en toute s\u00e9r\u00e9nit\u00e9 car l&#039;argent vers\u00e9 en acompte avec le contrat R\u00c9SERVATION ASSUR\u00c9E est en s\u00e9curit\u00e9.\" \/>\n<meta name=\"robots\" content=\"index, follow, max-snippet:-1, max-image-preview:large, max-video-preview:-1\" \/>\n<link rel=\"canonical\" href=\"https:\/\/www.hotelclipper.it\/fr\/reservation-assuree\/\" \/>\n<meta property=\"og:locale\" content=\"fr_FR\" \/>\n<meta property=\"og:type\" content=\"article\" \/>\n<meta property=\"og:title\" content=\"Comment assurer les vacances | H\u00f4tel Clipper Pesaro | H\u00f4tel 4 \u00e9toiles\" \/>\n<meta property=\"og:description\" content=\"R\u00e9servez vos vacances en toute s\u00e9r\u00e9nit\u00e9 car l&#039;argent vers\u00e9 en acompte avec le contrat R\u00c9SERVATION ASSUR\u00c9E est en s\u00e9curit\u00e9.\" \/>\n<meta property=\"og:url\" content=\"https:\/\/www.hotelclipper.it\/fr\/reservation-assuree\/\" \/>\n<meta property=\"og:site_name\" content=\"Hotel Pesaro 4 Stelle B&amp;B Alberghi Pesaro Mare | Hotel Clipper\" \/>\n<meta property=\"article:modified_time\" content=\"2023-03-28T15:32:58+00:00\" \/>\n<meta name=\"twitter:card\" content=\"summary_large_image\" \/>\n<meta name=\"twitter:label1\" content=\"Dur\u00e9e de lecture estim\u00e9e\" \/>\n\t<meta name=\"twitter:data1\" content=\"1 minute\" \/>\n<script type=\"application\/ld+json\" class=\"yoast-schema-graph\">{\"@context\":\"https:\\\/\\\/schema.org\",\"@graph\":[{\"@type\":\"WebPage\",\"@id\":\"https:\\\/\\\/www.hotelclipper.it\\\/fr\\\/reservation-assuree\\\/\",\"url\":\"https:\\\/\\\/www.hotelclipper.it\\\/fr\\\/reservation-assuree\\\/\",\"name\":\"Comment assurer les vacances | H\u00f4tel Clipper Pesaro | H\u00f4tel 4 \u00e9toiles\",\"isPartOf\":{\"@id\":\"https:\\\/\\\/www.hotelclipper.it\\\/#website\"},\"datePublished\":\"2023-02-14T08:59:55+00:00\",\"dateModified\":\"2023-03-28T15:32:58+00:00\",\"description\":\"R\u00e9servez vos vacances en toute s\u00e9r\u00e9nit\u00e9 car l'argent vers\u00e9 en acompte avec le contrat R\u00c9SERVATION ASSUR\u00c9E est en s\u00e9curit\u00e9.\",\"breadcrumb\":{\"@id\":\"https:\\\/\\\/www.hotelclipper.it\\\/fr\\\/reservation-assuree\\\/#breadcrumb\"},\"inLanguage\":\"fr-FR\",\"potentialAction\":[{\"@type\":\"ReadAction\",\"target\":[\"https:\\\/\\\/www.hotelclipper.it\\\/fr\\\/reservation-assuree\\\/\"]}]},{\"@type\":\"BreadcrumbList\",\"@id\":\"https:\\\/\\\/www.hotelclipper.it\\\/fr\\\/reservation-assuree\\\/#breadcrumb\",\"itemListElement\":[{\"@type\":\"ListItem\",\"position\":1,\"name\":\"Home\",\"item\":\"https:\\\/\\\/www.hotelclipper.it\\\/de\\\/\"},{\"@type\":\"ListItem\",\"position\":2,\"name\":\"R\u00e9servation assur\u00e9e\"}]},{\"@type\":\"WebSite\",\"@id\":\"https:\\\/\\\/www.hotelclipper.it\\\/#website\",\"url\":\"https:\\\/\\\/www.hotelclipper.it\\\/\",\"name\":\"Hotel Pesaro 4 Stelle B&amp;B Alberghi Pesaro Mare | Hotel Clipper\",\"description\":\"Scegli Hotel Clipper B&amp;B a Pesaro per le vacanze al mare in totale libert\u00e0. La spiaggia \u00e8 a soli 70 metri.\",\"publisher\":{\"@id\":\"https:\\\/\\\/www.hotelclipper.it\\\/#organization\"},\"potentialAction\":[{\"@type\":\"SearchAction\",\"target\":{\"@type\":\"EntryPoint\",\"urlTemplate\":\"https:\\\/\\\/www.hotelclipper.it\\\/?s={search_term_string}\"},\"query-input\":{\"@type\":\"PropertyValueSpecification\",\"valueRequired\":true,\"valueName\":\"search_term_string\"}}],\"inLanguage\":\"fr-FR\"},{\"@type\":\"Organization\",\"@id\":\"https:\\\/\\\/www.hotelclipper.it\\\/#organization\",\"name\":\"Hotel Pesaro 4 Stelle B&amp;B Alberghi Pesaro Mare | Hotel Clipper\",\"url\":\"https:\\\/\\\/www.hotelclipper.it\\\/\",\"logo\":{\"@type\":\"ImageObject\",\"inLanguage\":\"fr-FR\",\"@id\":\"https:\\\/\\\/www.hotelclipper.it\\\/#\\\/schema\\\/logo\\\/image\\\/\",\"url\":\"https:\\\/\\\/www.hotelclipper.it\\\/wp-content\\\/uploads\\\/2023\\\/01\\\/logo-hotel-clipper-colour.png\",\"contentUrl\":\"https:\\\/\\\/www.hotelclipper.it\\\/wp-content\\\/uploads\\\/2023\\\/01\\\/logo-hotel-clipper-colour.png\",\"width\":500,\"height\":257,\"caption\":\"Hotel Pesaro 4 Stelle B&amp;B Alberghi Pesaro Mare | Hotel Clipper\"},\"image\":{\"@id\":\"https:\\\/\\\/www.hotelclipper.it\\\/#\\\/schema\\\/logo\\\/image\\\/\"}}]}<\/script>\n<!-- \/ Yoast SEO plugin. -->","yoast_head_json":{"title":"Comment assurer les vacances | H\u00f4tel Clipper Pesaro | H\u00f4tel 4 \u00e9toiles","description":"R\u00e9servez vos vacances en toute s\u00e9r\u00e9nit\u00e9 car l'argent vers\u00e9 en acompte avec le contrat R\u00c9SERVATION ASSUR\u00c9E est en s\u00e9curit\u00e9.","robots":{"index":"index","follow":"follow","max-snippet":"max-snippet:-1","max-image-preview":"max-image-preview:large","max-video-preview":"max-video-preview:-1"},"canonical":"https:\/\/www.hotelclipper.it\/fr\/reservation-assuree\/","og_locale":"fr_FR","og_type":"article","og_title":"Comment assurer les vacances | H\u00f4tel Clipper Pesaro | H\u00f4tel 4 \u00e9toiles","og_description":"R\u00e9servez vos vacances en toute s\u00e9r\u00e9nit\u00e9 car l'argent vers\u00e9 en acompte avec le contrat R\u00c9SERVATION ASSUR\u00c9E est en s\u00e9curit\u00e9.","og_url":"https:\/\/www.hotelclipper.it\/fr\/reservation-assuree\/","og_site_name":"Hotel Pesaro 4 Stelle B&amp;B Alberghi Pesaro Mare | Hotel Clipper","article_modified_time":"2023-03-28T15:32:58+00:00","twitter_card":"summary_large_image","twitter_misc":{"Dur\u00e9e de lecture estim\u00e9e":"1 minute"},"schema":{"@context":"https:\/\/schema.org","@graph":[{"@type":"WebPage","@id":"https:\/\/www.hotelclipper.it\/fr\/reservation-assuree\/","url":"https:\/\/www.hotelclipper.it\/fr\/reservation-assuree\/","name":"Comment assurer les vacances | H\u00f4tel Clipper Pesaro | H\u00f4tel 4 \u00e9toiles","isPartOf":{"@id":"https:\/\/www.hotelclipper.it\/#website"},"datePublished":"2023-02-14T08:59:55+00:00","dateModified":"2023-03-28T15:32:58+00:00","description":"R\u00e9servez vos vacances en toute s\u00e9r\u00e9nit\u00e9 car l'argent vers\u00e9 en acompte avec le contrat R\u00c9SERVATION ASSUR\u00c9E est en s\u00e9curit\u00e9.","breadcrumb":{"@id":"https:\/\/www.hotelclipper.it\/fr\/reservation-assuree\/#breadcrumb"},"inLanguage":"fr-FR","potentialAction":[{"@type":"ReadAction","target":["https:\/\/www.hotelclipper.it\/fr\/reservation-assuree\/"]}]},{"@type":"BreadcrumbList","@id":"https:\/\/www.hotelclipper.it\/fr\/reservation-assuree\/#breadcrumb","itemListElement":[{"@type":"ListItem","position":1,"name":"Home","item":"https:\/\/www.hotelclipper.it\/de\/"},{"@type":"ListItem","position":2,"name":"R\u00e9servation assur\u00e9e"}]},{"@type":"WebSite","@id":"https:\/\/www.hotelclipper.it\/#website","url":"https:\/\/www.hotelclipper.it\/","name":"Hotel Pesaro 4 Stelle B&amp;B Alberghi Pesaro Mare | Hotel Clipper","description":"Scegli Hotel Clipper B&amp;B a Pesaro per le vacanze al mare in totale libert\u00e0. La spiaggia \u00e8 a soli 70 metri.","publisher":{"@id":"https:\/\/www.hotelclipper.it\/#organization"},"potentialAction":[{"@type":"SearchAction","target":{"@type":"EntryPoint","urlTemplate":"https:\/\/www.hotelclipper.it\/?s={search_term_string}"},"query-input":{"@type":"PropertyValueSpecification","valueRequired":true,"valueName":"search_term_string"}}],"inLanguage":"fr-FR"},{"@type":"Organization","@id":"https:\/\/www.hotelclipper.it\/#organization","name":"Hotel Pesaro 4 Stelle B&amp;B Alberghi Pesaro Mare | Hotel Clipper","url":"https:\/\/www.hotelclipper.it\/","logo":{"@type":"ImageObject","inLanguage":"fr-FR","@id":"https:\/\/www.hotelclipper.it\/#\/schema\/logo\/image\/","url":"https:\/\/www.hotelclipper.it\/wp-content\/uploads\/2023\/01\/logo-hotel-clipper-colour.png","contentUrl":"https:\/\/www.hotelclipper.it\/wp-content\/uploads\/2023\/01\/logo-hotel-clipper-colour.png","width":500,"height":257,"caption":"Hotel Pesaro 4 Stelle B&amp;B Alberghi Pesaro Mare | Hotel Clipper"},"image":{"@id":"https:\/\/www.hotelclipper.it\/#\/schema\/logo\/image\/"}}]}},"publishpress_future_workflow_manual_trigger":{"enabledWorkflows":[]},"_links":{"self":[{"href":"https:\/\/www.hotelclipper.it\/fr\/wp-json\/wp\/v2\/pages\/2787","targetHints":{"allow":["GET"]}}],"collection":[{"href":"https:\/\/www.hotelclipper.it\/fr\/wp-json\/wp\/v2\/pages"}],"about":[{"href":"https:\/\/www.hotelclipper.it\/fr\/wp-json\/wp\/v2\/types\/page"}],"author":[{"embeddable":true,"href":"https:\/\/www.hotelclipper.it\/fr\/wp-json\/wp\/v2\/users\/1"}],"replies":[{"embeddable":true,"href":"https:\/\/www.hotelclipper.it\/fr\/wp-json\/wp\/v2\/comments?post=2787"}],"version-history":[{"count":3,"href":"https:\/\/www.hotelclipper.it\/fr\/wp-json\/wp\/v2\/pages\/2787\/revisions"}],"predecessor-version":[{"id":2917,"href":"https:\/\/www.hotelclipper.it\/fr\/wp-json\/wp\/v2\/pages\/2787\/revisions\/2917"}],"wp:attachment":[{"href":"https:\/\/www.hotelclipper.it\/fr\/wp-json\/wp\/v2\/media?parent=2787"}],"curies":[{"name":"wp","href":"https:\/\/api.w.org\/{rel}","templated":true}]}}