{"id":2803,"date":"2023-01-16T16:31:25","date_gmt":"2023-01-16T16:31:25","guid":{"rendered":"https:\/\/www.hotelclipper.it\/plage\/"},"modified":"2023-03-28T15:35:13","modified_gmt":"2023-03-28T15:35:13","slug":"plage","status":"publish","type":"page","link":"https:\/\/www.hotelclipper.it\/fr\/plage\/","title":{"rendered":"Plage"},"content":{"rendered":"\t\t<div data-elementor-type=\"wp-page\" data-elementor-id=\"2803\" class=\"elementor elementor-2803 elementor-1241\" data-elementor-post-type=\"page\">\n\t\t\t\t\t\t<section class=\"elementor-section elementor-top-section elementor-element elementor-element-16d8fd5 elementor-section-full_width elementor-section-height-default elementor-section-height-default\" data-id=\"16d8fd5\" data-element_type=\"section\" data-e-type=\"section\" data-settings=\"{&quot;background_background&quot;:&quot;classic&quot;}\">\n\t\t\t\t\t\t\t<div class=\"elementor-background-overlay\"><\/div>\n\t\t\t\t\t\t\t<div class=\"elementor-container elementor-column-gap-default\">\n\t\t\t\t\t<div class=\"elementor-column elementor-col-100 elementor-top-column elementor-element elementor-element-c33a389\" data-id=\"c33a389\" data-element_type=\"column\" data-e-type=\"column\" data-settings=\"{&quot;background_background&quot;:&quot;classic&quot;}\">\n\t\t\t<div class=\"elementor-widget-wrap\">\n\t\t\t\t\t\t\t<\/div>\n\t\t<\/div>\n\t\t\t\t\t<\/div>\n\t\t<\/section>\n\t\t\t\t<section class=\"elementor-section elementor-top-section elementor-element elementor-element-8ee8c90 elementor-section-boxed elementor-section-height-default elementor-section-height-default\" data-id=\"8ee8c90\" data-element_type=\"section\" data-e-type=\"section\">\n\t\t\t\t\t\t<div class=\"elementor-container elementor-column-gap-default\">\n\t\t\t\t\t<div class=\"elementor-column elementor-col-100 elementor-top-column elementor-element elementor-element-067f8bc\" data-id=\"067f8bc\" data-element_type=\"column\" data-e-type=\"column\">\n\t\t\t<div class=\"elementor-widget-wrap elementor-element-populated\">\n\t\t\t\t\t\t<div class=\"elementor-element elementor-element-7071ebf elementor-widget elementor-widget-heading\" data-id=\"7071ebf\" data-element_type=\"widget\" data-e-type=\"widget\" data-widget_type=\"heading.default\">\n\t\t\t\t<div class=\"elementor-widget-container\">\n\t\t\t\t\t<h1 class=\"elementor-heading-title elementor-size-default\">Plage<\/h1>\t\t\t\t<\/div>\n\t\t\t\t<\/div>\n\t\t\t\t<div class=\"elementor-element elementor-element-1273fec elementor-widget elementor-widget-heading\" data-id=\"1273fec\" data-element_type=\"widget\" data-e-type=\"widget\" data-widget_type=\"heading.default\">\n\t\t\t\t<div class=\"elementor-widget-container\">\n\t\t\t\t\t<h2 class=\"elementor-heading-title elementor-size-default\">\u00c0 70 m\u00e8tres de l'h\u00f4tel, toute la beaut\u00e9 et la commodit\u00e9 de la plage de Pesaro.<\/h2>\t\t\t\t<\/div>\n\t\t\t\t<\/div>\n\t\t\t\t<section class=\"elementor-section elementor-inner-section elementor-element elementor-element-4f499c5 elementor-section-boxed elementor-section-height-default elementor-section-height-default\" data-id=\"4f499c5\" data-element_type=\"section\" data-e-type=\"section\">\n\t\t\t\t\t\t<div class=\"elementor-container elementor-column-gap-default\">\n\t\t\t\t\t<div class=\"elementor-column elementor-col-100 elementor-inner-column elementor-element elementor-element-c3eba53\" data-id=\"c3eba53\" data-element_type=\"column\" data-e-type=\"column\">\n\t\t\t<div class=\"elementor-widget-wrap elementor-element-populated\">\n\t\t\t\t\t\t<div class=\"elementor-element elementor-element-21b3db5 elementor-widget elementor-widget-text-editor\" data-id=\"21b3db5\" data-element_type=\"widget\" data-e-type=\"widget\" data-widget_type=\"text-editor.default\">\n\t\t\t\t<div class=\"elementor-widget-container\">\n\t\t\t\t\t\t\t\t\t<p>Quelle distance \u00eates-vous pr\u00eat \u00e0 parcourir pour vous rendre \u00e0 la plage ? Si vous choisissez l&rsquo;h\u00f4tel Clipper, vous n&rsquo;aurez que tr\u00e8s peu \u00e0 faire, car il vous suffira de traverser la route pour vous retrouver sur le sable fin et dor\u00e9 et commencer vos vacances \u00e0 la plage, consacr\u00e9es au bronzage et \u00e0 la d\u00e9tente. <\/p>\n\t\t\t\t\t\t\t\t<\/div>\n\t\t\t\t<\/div>\n\t\t\t\t\t<\/div>\n\t\t<\/div>\n\t\t\t\t\t<\/div>\n\t\t<\/section>\n\t\t\t\t\t<\/div>\n\t\t<\/div>\n\t\t\t\t\t<\/div>\n\t\t<\/section>\n\t\t\t\t<section class=\"elementor-section elementor-top-section elementor-element elementor-element-3d5b11a elementor-section-boxed elementor-section-height-default elementor-section-height-default\" data-id=\"3d5b11a\" data-element_type=\"section\" data-e-type=\"section\">\n\t\t\t\t\t\t<div class=\"elementor-container elementor-column-gap-default\">\n\t\t\t\t\t<div class=\"elementor-column elementor-col-100 elementor-top-column elementor-element elementor-element-1aabe6f\" data-id=\"1aabe6f\" data-element_type=\"column\" data-e-type=\"column\">\n\t\t\t<div class=\"elementor-widget-wrap\">\n\t\t\t\t\t\t\t<\/div>\n\t\t<\/div>\n\t\t\t\t\t<\/div>\n\t\t<\/section>\n\t\t\t\t<section class=\"elementor-section elementor-top-section elementor-element elementor-element-4b11b4e elementor-section-full_width elementor-section-height-default elementor-section-height-default\" data-id=\"4b11b4e\" data-element_type=\"section\" data-e-type=\"section\" data-settings=\"{&quot;background_background&quot;:&quot;classic&quot;}\">\n\t\t\t\t\t\t<div class=\"elementor-container elementor-column-gap-default\">\n\t\t\t\t\t<div class=\"elementor-column elementor-col-100 elementor-top-column elementor-element elementor-element-14d3cb9\" data-id=\"14d3cb9\" data-element_type=\"column\" data-e-type=\"column\" data-settings=\"{&quot;background_background&quot;:&quot;classic&quot;}\">\n\t\t\t<div class=\"elementor-widget-wrap elementor-element-populated\">\n\t\t\t\t\t\t<section class=\"elementor-section elementor-inner-section elementor-element elementor-element-6fa49e6 elementor-section-boxed elementor-section-height-default elementor-section-height-default\" data-id=\"6fa49e6\" data-element_type=\"section\" data-e-type=\"section\">\n\t\t\t\t\t\t<div class=\"elementor-container elementor-column-gap-default\">\n\t\t\t\t\t<div class=\"elementor-column elementor-col-100 elementor-inner-column elementor-element elementor-element-c027b57\" data-id=\"c027b57\" data-element_type=\"column\" data-e-type=\"column\" data-settings=\"{&quot;background_background&quot;:&quot;classic&quot;}\">\n\t\t\t<div class=\"elementor-widget-wrap elementor-element-populated\">\n\t\t\t\t\t\t<div class=\"elementor-element elementor-element-9aeca06 elementor-widget-divider--view-line elementor-widget elementor-widget-divider\" data-id=\"9aeca06\" data-element_type=\"widget\" data-e-type=\"widget\" data-widget_type=\"divider.default\">\n\t\t\t\t<div class=\"elementor-widget-container\">\n\t\t\t\t\t\t\t<div class=\"elementor-divider\">\n\t\t\t<span class=\"elementor-divider-separator\">\n\t\t\t\t\t\t<\/span>\n\t\t<\/div>\n\t\t\t\t\t\t<\/div>\n\t\t\t\t<\/div>\n\t\t\t\t<div class=\"elementor-element elementor-element-4d537a2 elementor-widget elementor-widget-heading\" data-id=\"4d537a2\" data-element_type=\"widget\" data-e-type=\"widget\" data-widget_type=\"heading.default\">\n\t\t\t\t<div class=\"elementor-widget-container\">\n\t\t\t\t\t<span class=\"elementor-heading-title elementor-size-default\">LA PLAGE POUR TOUS<\/span>\t\t\t\t<\/div>\n\t\t\t\t<\/div>\n\t\t\t\t<div class=\"elementor-element elementor-element-e32f226 elementor-widget elementor-widget-heading\" data-id=\"e32f226\" data-element_type=\"widget\" data-e-type=\"widget\" data-widget_type=\"heading.default\">\n\t\t\t\t<div class=\"elementor-widget-container\">\n\t\t\t\t\t<span class=\"elementor-heading-title elementor-size-default\">70 m\u00e8tres de l'h\u00f4tel<\/span>\t\t\t\t<\/div>\n\t\t\t\t<\/div>\n\t\t\t\t<div class=\"elementor-element elementor-element-fb2c6aa elementor-widget elementor-widget-text-editor\" data-id=\"fb2c6aa\" data-element_type=\"widget\" data-e-type=\"widget\" data-widget_type=\"text-editor.default\">\n\t\t\t\t<div class=\"elementor-widget-container\">\n\t\t\t\t\t\t\t\t\t<p><strong>Pour les enfants : nouveau parc pour b\u00e9b\u00e9s, balan\u00e7oires, toboggans, petits trains, maisons de jeux et bien d&rsquo;autres choses encore, toutes en plastique pour plus de s\u00e9curit\u00e9.<\/strong><br \/><strong>Pour les enfants<\/strong> : tennis de table, terrain de basket et de beach-volley, cano\u00ebs et p\u00e9dalos.<br \/><strong>Pour tous les clients de l&rsquo;h\u00f4tel Clipper<\/strong> : utilisation gratuite des cabines r\u00e9serv\u00e9es et des serviettes de plage de la marque Clipper, \u00e0 r\u00e9cup\u00e9rer et \u00e0 rendre directement \u00e0 l&rsquo;h\u00f4tel.<\/p>\n\t\t\t\t\t\t\t\t<\/div>\n\t\t\t\t<\/div>\n\t\t\t\t\t<\/div>\n\t\t<\/div>\n\t\t\t\t\t<\/div>\n\t\t<\/section>\n\t\t\t\t\t<\/div>\n\t\t<\/div>\n\t\t\t\t\t<\/div>\n\t\t<\/section>\n\t\t\t\t<\/div>\n\t\t","protected":false},"excerpt":{"rendered":"<p>Plage \u00c0 70 m\u00e8tres de l&rsquo;h\u00f4tel, toute la beaut\u00e9 et la commodit\u00e9 de la plage de Pesaro. Quelle distance \u00eates-vous pr\u00eat \u00e0 parcourir pour vous rendre \u00e0 la plage ? Si vous choisissez l&rsquo;h\u00f4tel Clipper, vous n&rsquo;aurez que tr\u00e8s peu \u00e0 faire, car il vous suffira de traverser la route pour vous retrouver sur le [&hellip;]<\/p>\n","protected":false},"author":1,"featured_media":0,"parent":0,"menu_order":0,"comment_status":"closed","ping_status":"closed","template":"","meta":{"site-sidebar-layout":"no-sidebar","site-content-layout":"page-builder","ast-site-content-layout":"default","site-content-style":"default","site-sidebar-style":"default","ast-global-header-display":"","ast-banner-title-visibility":"","ast-main-header-display":"","ast-hfb-above-header-display":"","ast-hfb-below-header-display":"","ast-hfb-mobile-header-display":"","site-post-title":"disabled","ast-breadcrumbs-content":"","ast-featured-img":"disabled","footer-sml-layout":"","ast-disable-related-posts":"","theme-transparent-header-meta":"","adv-header-id-meta":"","stick-header-meta":"","header-above-stick-meta":"","header-main-stick-meta":"","header-below-stick-meta":"","astra-migrate-meta-layouts":"default","ast-page-background-enabled":"default","ast-page-background-meta":{"desktop":{"background-color":"var(--ast-global-color-4)","background-image":"","background-repeat":"repeat","background-position":"center center","background-size":"auto","background-attachment":"scroll","background-type":"","background-media":"","overlay-type":"","overlay-color":"","overlay-opacity":"","overlay-gradient":""},"tablet":{"background-color":"","background-image":"","background-repeat":"repeat","background-position":"center center","background-size":"auto","background-attachment":"scroll","background-type":"","background-media":"","overlay-type":"","overlay-color":"","overlay-opacity":"","overlay-gradient":""},"mobile":{"background-color":"","background-image":"","background-repeat":"repeat","background-position":"center center","background-size":"auto","background-attachment":"scroll","background-type":"","background-media":"","overlay-type":"","overlay-color":"","overlay-opacity":"","overlay-gradient":""}},"ast-content-background-meta":{"desktop":{"background-color":"var(--ast-global-color-5)","background-image":"","background-repeat":"repeat","background-position":"center center","background-size":"auto","background-attachment":"scroll","background-type":"","background-media":"","overlay-type":"","overlay-color":"","overlay-opacity":"","overlay-gradient":""},"tablet":{"background-color":"var(--ast-global-color-5)","background-image":"","background-repeat":"repeat","background-position":"center center","background-size":"auto","background-attachment":"scroll","background-type":"","background-media":"","overlay-type":"","overlay-color":"","overlay-opacity":"","overlay-gradient":""},"mobile":{"background-color":"var(--ast-global-color-5)","background-image":"","background-repeat":"repeat","background-position":"center center","background-size":"auto","background-attachment":"scroll","background-type":"","background-media":"","overlay-type":"","overlay-color":"","overlay-opacity":"","overlay-gradient":""}},"footnotes":""},"class_list":["post-2803","page","type-page","status-publish","hentry"],"yoast_head":"<!-- This site is optimized with the Yoast SEO plugin v27.3 - https:\/\/yoast.com\/product\/yoast-seo-wordpress\/ -->\n<title>H\u00f4tel pr\u00e8s de la mer \u00e0 Pesaro | H\u00f4tel Clipper Pesaro | H\u00f4tel 4 \u00e9toiles<\/title>\n<meta name=\"description\" content=\"Profitez de la d\u00e9tente sur la plage de Pesaro, \u00e0 deux pas de l&#039;h\u00f4tel Clipper, \u00e0 votre disposition des aires de jeux, des transats, des transats et bien plus encore.\" \/>\n<meta name=\"robots\" content=\"index, follow, max-snippet:-1, max-image-preview:large, max-video-preview:-1\" \/>\n<link rel=\"canonical\" href=\"https:\/\/www.hotelclipper.it\/fr\/plage\/\" \/>\n<meta property=\"og:locale\" content=\"fr_FR\" \/>\n<meta property=\"og:type\" content=\"article\" \/>\n<meta property=\"og:title\" content=\"H\u00f4tel pr\u00e8s de la mer \u00e0 Pesaro | H\u00f4tel Clipper Pesaro | H\u00f4tel 4 \u00e9toiles\" \/>\n<meta property=\"og:description\" content=\"Profitez de la d\u00e9tente sur la plage de Pesaro, \u00e0 deux pas de l&#039;h\u00f4tel Clipper, \u00e0 votre disposition des aires de jeux, des transats, des transats et bien plus encore.\" \/>\n<meta property=\"og:url\" content=\"https:\/\/www.hotelclipper.it\/fr\/plage\/\" \/>\n<meta property=\"og:site_name\" content=\"Hotel Pesaro 4 Stelle B&amp;B Alberghi Pesaro Mare | Hotel Clipper\" \/>\n<meta property=\"article:modified_time\" content=\"2023-03-28T15:35:13+00:00\" \/>\n<meta name=\"twitter:card\" content=\"summary_large_image\" \/>\n<meta name=\"twitter:label1\" content=\"Dur\u00e9e de lecture estim\u00e9e\" \/>\n\t<meta name=\"twitter:data1\" content=\"1 minute\" \/>\n<script type=\"application\/ld+json\" class=\"yoast-schema-graph\">{\"@context\":\"https:\\\/\\\/schema.org\",\"@graph\":[{\"@type\":\"WebPage\",\"@id\":\"https:\\\/\\\/www.hotelclipper.it\\\/fr\\\/plage\\\/\",\"url\":\"https:\\\/\\\/www.hotelclipper.it\\\/fr\\\/plage\\\/\",\"name\":\"H\u00f4tel pr\u00e8s de la mer \u00e0 Pesaro | H\u00f4tel Clipper Pesaro | H\u00f4tel 4 \u00e9toiles\",\"isPartOf\":{\"@id\":\"https:\\\/\\\/www.hotelclipper.it\\\/#website\"},\"datePublished\":\"2023-01-16T16:31:25+00:00\",\"dateModified\":\"2023-03-28T15:35:13+00:00\",\"description\":\"Profitez de la d\u00e9tente sur la plage de Pesaro, \u00e0 deux pas de l'h\u00f4tel Clipper, \u00e0 votre disposition des aires de jeux, des transats, des transats et bien plus encore.\",\"breadcrumb\":{\"@id\":\"https:\\\/\\\/www.hotelclipper.it\\\/fr\\\/plage\\\/#breadcrumb\"},\"inLanguage\":\"fr-FR\",\"potentialAction\":[{\"@type\":\"ReadAction\",\"target\":[\"https:\\\/\\\/www.hotelclipper.it\\\/fr\\\/plage\\\/\"]}]},{\"@type\":\"BreadcrumbList\",\"@id\":\"https:\\\/\\\/www.hotelclipper.it\\\/fr\\\/plage\\\/#breadcrumb\",\"itemListElement\":[{\"@type\":\"ListItem\",\"position\":1,\"name\":\"Home\",\"item\":\"https:\\\/\\\/www.hotelclipper.it\\\/de\\\/\"},{\"@type\":\"ListItem\",\"position\":2,\"name\":\"Plage\"}]},{\"@type\":\"WebSite\",\"@id\":\"https:\\\/\\\/www.hotelclipper.it\\\/#website\",\"url\":\"https:\\\/\\\/www.hotelclipper.it\\\/\",\"name\":\"Hotel Pesaro 4 Stelle B&amp;B Alberghi Pesaro Mare | Hotel Clipper\",\"description\":\"Scegli Hotel Clipper B&amp;B a Pesaro per le vacanze al mare in totale libert\u00e0. La spiaggia \u00e8 a soli 70 metri.\",\"publisher\":{\"@id\":\"https:\\\/\\\/www.hotelclipper.it\\\/#organization\"},\"potentialAction\":[{\"@type\":\"SearchAction\",\"target\":{\"@type\":\"EntryPoint\",\"urlTemplate\":\"https:\\\/\\\/www.hotelclipper.it\\\/?s={search_term_string}\"},\"query-input\":{\"@type\":\"PropertyValueSpecification\",\"valueRequired\":true,\"valueName\":\"search_term_string\"}}],\"inLanguage\":\"fr-FR\"},{\"@type\":\"Organization\",\"@id\":\"https:\\\/\\\/www.hotelclipper.it\\\/#organization\",\"name\":\"Hotel Pesaro 4 Stelle B&amp;B Alberghi Pesaro Mare | Hotel Clipper\",\"url\":\"https:\\\/\\\/www.hotelclipper.it\\\/\",\"logo\":{\"@type\":\"ImageObject\",\"inLanguage\":\"fr-FR\",\"@id\":\"https:\\\/\\\/www.hotelclipper.it\\\/#\\\/schema\\\/logo\\\/image\\\/\",\"url\":\"https:\\\/\\\/www.hotelclipper.it\\\/wp-content\\\/uploads\\\/2023\\\/01\\\/logo-hotel-clipper-colour.png\",\"contentUrl\":\"https:\\\/\\\/www.hotelclipper.it\\\/wp-content\\\/uploads\\\/2023\\\/01\\\/logo-hotel-clipper-colour.png\",\"width\":500,\"height\":257,\"caption\":\"Hotel Pesaro 4 Stelle B&amp;B Alberghi Pesaro Mare | Hotel Clipper\"},\"image\":{\"@id\":\"https:\\\/\\\/www.hotelclipper.it\\\/#\\\/schema\\\/logo\\\/image\\\/\"}}]}<\/script>\n<!-- \/ Yoast SEO plugin. -->","yoast_head_json":{"title":"H\u00f4tel pr\u00e8s de la mer \u00e0 Pesaro | H\u00f4tel Clipper Pesaro | H\u00f4tel 4 \u00e9toiles","description":"Profitez de la d\u00e9tente sur la plage de Pesaro, \u00e0 deux pas de l'h\u00f4tel Clipper, \u00e0 votre disposition des aires de jeux, des transats, des transats et bien plus encore.","robots":{"index":"index","follow":"follow","max-snippet":"max-snippet:-1","max-image-preview":"max-image-preview:large","max-video-preview":"max-video-preview:-1"},"canonical":"https:\/\/www.hotelclipper.it\/fr\/plage\/","og_locale":"fr_FR","og_type":"article","og_title":"H\u00f4tel pr\u00e8s de la mer \u00e0 Pesaro | H\u00f4tel Clipper Pesaro | H\u00f4tel 4 \u00e9toiles","og_description":"Profitez de la d\u00e9tente sur la plage de Pesaro, \u00e0 deux pas de l'h\u00f4tel Clipper, \u00e0 votre disposition des aires de jeux, des transats, des transats et bien plus encore.","og_url":"https:\/\/www.hotelclipper.it\/fr\/plage\/","og_site_name":"Hotel Pesaro 4 Stelle B&amp;B Alberghi Pesaro Mare | Hotel Clipper","article_modified_time":"2023-03-28T15:35:13+00:00","twitter_card":"summary_large_image","twitter_misc":{"Dur\u00e9e de lecture estim\u00e9e":"1 minute"},"schema":{"@context":"https:\/\/schema.org","@graph":[{"@type":"WebPage","@id":"https:\/\/www.hotelclipper.it\/fr\/plage\/","url":"https:\/\/www.hotelclipper.it\/fr\/plage\/","name":"H\u00f4tel pr\u00e8s de la mer \u00e0 Pesaro | H\u00f4tel Clipper Pesaro | H\u00f4tel 4 \u00e9toiles","isPartOf":{"@id":"https:\/\/www.hotelclipper.it\/#website"},"datePublished":"2023-01-16T16:31:25+00:00","dateModified":"2023-03-28T15:35:13+00:00","description":"Profitez de la d\u00e9tente sur la plage de Pesaro, \u00e0 deux pas de l'h\u00f4tel Clipper, \u00e0 votre disposition des aires de jeux, des transats, des transats et bien plus encore.","breadcrumb":{"@id":"https:\/\/www.hotelclipper.it\/fr\/plage\/#breadcrumb"},"inLanguage":"fr-FR","potentialAction":[{"@type":"ReadAction","target":["https:\/\/www.hotelclipper.it\/fr\/plage\/"]}]},{"@type":"BreadcrumbList","@id":"https:\/\/www.hotelclipper.it\/fr\/plage\/#breadcrumb","itemListElement":[{"@type":"ListItem","position":1,"name":"Home","item":"https:\/\/www.hotelclipper.it\/de\/"},{"@type":"ListItem","position":2,"name":"Plage"}]},{"@type":"WebSite","@id":"https:\/\/www.hotelclipper.it\/#website","url":"https:\/\/www.hotelclipper.it\/","name":"Hotel Pesaro 4 Stelle B&amp;B Alberghi Pesaro Mare | Hotel Clipper","description":"Scegli Hotel Clipper B&amp;B a Pesaro per le vacanze al mare in totale libert\u00e0. La spiaggia \u00e8 a soli 70 metri.","publisher":{"@id":"https:\/\/www.hotelclipper.it\/#organization"},"potentialAction":[{"@type":"SearchAction","target":{"@type":"EntryPoint","urlTemplate":"https:\/\/www.hotelclipper.it\/?s={search_term_string}"},"query-input":{"@type":"PropertyValueSpecification","valueRequired":true,"valueName":"search_term_string"}}],"inLanguage":"fr-FR"},{"@type":"Organization","@id":"https:\/\/www.hotelclipper.it\/#organization","name":"Hotel Pesaro 4 Stelle B&amp;B Alberghi Pesaro Mare | Hotel Clipper","url":"https:\/\/www.hotelclipper.it\/","logo":{"@type":"ImageObject","inLanguage":"fr-FR","@id":"https:\/\/www.hotelclipper.it\/#\/schema\/logo\/image\/","url":"https:\/\/www.hotelclipper.it\/wp-content\/uploads\/2023\/01\/logo-hotel-clipper-colour.png","contentUrl":"https:\/\/www.hotelclipper.it\/wp-content\/uploads\/2023\/01\/logo-hotel-clipper-colour.png","width":500,"height":257,"caption":"Hotel Pesaro 4 Stelle B&amp;B Alberghi Pesaro Mare | Hotel Clipper"},"image":{"@id":"https:\/\/www.hotelclipper.it\/#\/schema\/logo\/image\/"}}]}},"publishpress_future_workflow_manual_trigger":{"enabledWorkflows":[]},"_links":{"self":[{"href":"https:\/\/www.hotelclipper.it\/fr\/wp-json\/wp\/v2\/pages\/2803","targetHints":{"allow":["GET"]}}],"collection":[{"href":"https:\/\/www.hotelclipper.it\/fr\/wp-json\/wp\/v2\/pages"}],"about":[{"href":"https:\/\/www.hotelclipper.it\/fr\/wp-json\/wp\/v2\/types\/page"}],"author":[{"embeddable":true,"href":"https:\/\/www.hotelclipper.it\/fr\/wp-json\/wp\/v2\/users\/1"}],"replies":[{"embeddable":true,"href":"https:\/\/www.hotelclipper.it\/fr\/wp-json\/wp\/v2\/comments?post=2803"}],"version-history":[{"count":7,"href":"https:\/\/www.hotelclipper.it\/fr\/wp-json\/wp\/v2\/pages\/2803\/revisions"}],"predecessor-version":[{"id":2933,"href":"https:\/\/www.hotelclipper.it\/fr\/wp-json\/wp\/v2\/pages\/2803\/revisions\/2933"}],"wp:attachment":[{"href":"https:\/\/www.hotelclipper.it\/fr\/wp-json\/wp\/v2\/media?parent=2803"}],"curies":[{"name":"wp","href":"https:\/\/api.w.org\/{rel}","templated":true}]}}